{"id":7735,"date":"2020-03-26T10:31:08","date_gmt":"2020-03-26T08:31:08","guid":{"rendered":"https:\/\/stage.dataductus.com\/?page_id=7735"},"modified":"2025-02-03T10:35:22","modified_gmt":"2025-02-03T09:35:22","slug":"digitala-moten","status":"publish","type":"page","link":"https:\/\/ductus.global\/sv\/digitala-moten\/","title":{"rendered":"Digitala m\u00f6ten"},"content":{"rendered":"\n<div class=\"wp-block-group\"><div class=\"wp-block-group__inner-container is-layout-flow wp-block-group-is-layout-flow\">\n<div style=\"height:40px\" aria-hidden=\"true\" class=\"wp-block-spacer\"><\/div>\n\n\n\n<p class=\"has-preamble-font-size\">\u00c4r din organisation distribuerad och beh\u00f6ver h\u00f6gkvalitativ videokonferensutrustning f\u00f6r att knyta samman kontoren via digitala m\u00f6ten? Eller jobbar du i ett distribuerat team som beh\u00f6ver enkel m\u00f6jlighet till videokonferens oavsett var ni befinner er? D\u00e5 \u00e4r <a href=\"#webex\">Cisco Webex Meetings<\/a> l\u00f6sningen f\u00f6r er.<\/p>\n\n\n\n<p>H\u00e5ller din organisation i kongresser eller andra formella m\u00f6ten med behov av administrativt st\u00f6d f\u00f6r m\u00f6tets genomf\u00f6rande, med integrerad videokonferens? I s\u00e5 fall har <a href=\"#easymeet\">Easymeet<\/a> all funktionalitet ni beh\u00f6ver.<\/p>\n\n\n\n<p>Beh\u00f6ver ni \u00e4ven integrera n\u00e5got av dessa videokonferenssystem med era \u00f6vriga system kan vi naturligtvis hj\u00e4lpa er med det.<\/p>\n<\/div><\/div>\n\n\n\n<h3 class=\"has-ductus-darkblue-color has-text-color wp-block-heading\" id=\"webex\">Cisco Webex Meetings<\/h3>\n\n\n\n<div class=\"wp-block-group alignfull\"><div class=\"wp-block-group__inner-container is-layout-flow wp-block-group-is-layout-flow\">\n<p>Beh\u00f6ver du h\u00e5lla en presentation, workshop eller en utbildning p\u00e5 distans? Jobbar ditt team p\u00e5 olika platser och beh\u00f6ver ha m\u00f6ten utan att beh\u00f6va resa? Cisco Webex Meetings&nbsp;\u00e4r marknadsledande inom videokonferens och erbjuder dig en m\u00e4ngd avancerade och praktiska funktioner. M\u00f6ten g\u00e5r att ansluta till via:<\/p>\n\n\n\n<ul class=\"wp-block-list\"><li>Dator (b\u00e5de PC och Mac)<\/li><li>Smartphone<\/li><li>L\u00e4splatta<\/li><li>Skype for business<\/li><li>Webbl\u00e4sare<\/li><li>Ciscos h\u00f6gkvalitativa videokonferenssystem f\u00f6r konferensrum<\/li><\/ul>\n\n\n\n<p>Samtliga m\u00f6tesdeltagare kan allts\u00e5 koppla upp sig till videom\u00f6tet p\u00e5 det s\u00e4tt som passar b\u00e4st. Planering av era sammankomster underl\u00e4ttas genom att l\u00f6sningen enkelt integreras med O365, Exchange eller Google Apps. P\u00e5 s\u00e5 vis hamnar m\u00f6tesinbjudningar direkt i deltagarnas kalendrar.<\/p>\n<\/div><\/div>\n\n\n\n<h4 class=\"wp-block-heading\">Kom ig\u00e5ng snabbt, enkelt och kostnadsfritt <\/h4>\n\n\n\n<p>Vi hj\u00e4lper dig snabbt och kostnadsfritt att komma ig\u00e5ng med Cisco Webex Meetings. Genom oss f\u00e5r ni just nu dessutom tillg\u00e5ng till ut\u00f6kad funktionalitet i en gratis 90-dagars provlicens f\u00f6r upp till 200 anv\u00e4ndare. Ett ypperligt tillf\u00e4lle att testa detta branschledande videokonferenssystem! Efter provperioden v\u00e4ljer ni sj\u00e4lva att f\u00f6rl\u00e4nga eller avsluta tj\u00e4nsten.<\/p>\n\n\n\n<h3 class=\"has-ductus-darkblue-color has-text-color wp-block-heading\" id=\"easymeet\">Easymeet<\/h3>\n\n\n\n<p>Vi kan \u00e4ven erbjuda en molnbaserad tj\u00e4nst f\u00f6r kongresser och andra formella m\u00f6ten, i samarbete med v\u00e5r samverkanspartner Easymeet. L\u00e4s mer p\u00e5&nbsp;https:\/\/www.easymeet.se\/easymeet-online\/.<\/p>\n\n\n\n<div style=\"height:40px\" aria-hidden=\"true\" class=\"wp-block-spacer\"><\/div>\n\n\n\n<div class=\"wp-block-group alignfull has-gray-1-background-color has-background\"><div class=\"wp-block-group__inner-container is-layout-flow wp-block-group-is-layout-flow\">\n<div style=\"height:60px\" aria-hidden=\"true\" class=\"wp-block-spacer\"><\/div>\n\n\n\n<h2 class=\"has-ductus-darkblue-color has-text-color wp-block-heading\">Vill du veta mer?<\/h2>\n\n\n\n<p>Kontakta oss s\u00e5 ber\u00e4ttar vi mer om hur enkelt det \u00e4r att komma ig\u00e5ng med Webex videokonferens. Ring oss direkt p\u00e5 018-413 74 99 eller maila oss p\u00e5 <a href=\"mailto:video@ductus.se\">video@ductus.se<\/a> s\u00e5 h\u00f6r vi av oss s\u00e5 snart vi kan!<\/p>\n\n\n\n<div style=\"height:150px\" aria-hidden=\"true\" class=\"wp-block-spacer\"><\/div>\n<\/div><\/div>\n","protected":false},"excerpt":{"rendered":"<p>\u00c4r din organisation distribuerad och beh\u00f6ver h\u00f6gkvalitativ videokonferensutrustning f\u00f6r att knyta samman kontoren via digitala m\u00f6ten? Eller jobbar du i ett distribuerat team som beh\u00f6ver enkel m\u00f6jlighet till videokonferens oavsett var ni befinner er? D\u00e5 \u00e4r Cisco Webex Meetings l\u00f6sningen f\u00f6r er. H\u00e5ller din organisation i kongresser eller andra formella m\u00f6ten med behov av administrativt [&hellip;]<\/p>\n","protected":false},"author":3,"featured_media":7628,"parent":0,"menu_order":0,"comment_status":"closed","ping_status":"closed","template":"","meta":{"_acf_changed":false,"footnotes":""},"class_list":["post-7735","page","type-page","status-publish","has-post-thumbnail","hentry"],"acf":[],"_links":{"self":[{"href":"https:\/\/ductus.global\/sv\/wp-json\/wp\/v2\/pages\/7735","targetHints":{"allow":["GET"]}}],"collection":[{"href":"https:\/\/ductus.global\/sv\/wp-json\/wp\/v2\/pages"}],"about":[{"href":"https:\/\/ductus.global\/sv\/wp-json\/wp\/v2\/types\/page"}],"author":[{"embeddable":true,"href":"https:\/\/ductus.global\/sv\/wp-json\/wp\/v2\/users\/3"}],"replies":[{"embeddable":true,"href":"https:\/\/ductus.global\/sv\/wp-json\/wp\/v2\/comments?post=7735"}],"version-history":[{"count":1,"href":"https:\/\/ductus.global\/sv\/wp-json\/wp\/v2\/pages\/7735\/revisions"}],"predecessor-version":[{"id":32981,"href":"https:\/\/ductus.global\/sv\/wp-json\/wp\/v2\/pages\/7735\/revisions\/32981"}],"wp:featuredmedia":[{"embeddable":true,"href":"https:\/\/ductus.global\/sv\/wp-json\/wp\/v2\/media\/7628"}],"wp:attachment":[{"href":"https:\/\/ductus.global\/sv\/wp-json\/wp\/v2\/media?parent=7735"}],"curies":[{"name":"wp","href":"https:\/\/api.w.org\/{rel}","templated":true}]}}