{"id":4371,"date":"2018-10-09T15:29:58","date_gmt":"2018-10-09T13:29:58","guid":{"rendered":"https:\/\/stage.dataductus.com\/?page_id=4371"},"modified":"2021-07-09T08:07:56","modified_gmt":"2021-07-09T07:07:56","slug":"student-registration","status":"publish","type":"page","link":"https:\/\/ductus.global\/sv\/student-registration\/","title":{"rendered":"Student registration"},"content":{"rendered":"\n<div style=\"height:40px\" aria-hidden=\"true\" class=\"wp-block-spacer\"><\/div>\n\n\n<div class=\"frm_forms  with_frm_style frm_style_formidable-style\" id=\"frm_form_14_container\" >\n<form enctype=\"multipart\/form-data\" method=\"post\" class=\"frm-show-form  frm_pro_form \" id=\"form_vj4qo\" >\n<div class=\"frm_form_fields \">\n<fieldset>\n<legend class=\"frm_screen_reader\">Ex-jobb (eller anst\u00e4llning) p\u00e5 Data Ductus<\/legend>\r\n\r\n<div class=\"frm_fields_container\">\n<input type=\"hidden\" name=\"frm_action\" value=\"create\" \/>\n<input type=\"hidden\" name=\"form_id\" value=\"14\" \/>\n<input type=\"hidden\" name=\"frm_hide_fields_14\" id=\"frm_hide_fields_14\" value=\"\" \/>\n<input type=\"hidden\" name=\"form_key\" value=\"vj4qo\" \/>\n<input type=\"hidden\" name=\"item_meta[0]\" value=\"\" \/>\n<input type=\"hidden\" id=\"frm_submit_entry_14\" name=\"frm_submit_entry_14\" value=\"787ae361cb\" \/><input type=\"hidden\" name=\"_wp_http_referer\" value=\"\/sv\/wp-json\/wp\/v2\/pages\/4371\" \/><div id=\"frm_field_163_container\" class=\"frm_form_field form-field  frm_top_container\">\r\n    <label for=\"field_3v97s\" class=\"frm_primary_label\">F\u00f6rnamn\r\n        <span class=\"frm_required\"><\/span>\r\n    <\/label>\r\n    <input  type=\"text\" id=\"field_3v97s\" name=\"item_meta[163]\" value=\"\"  data-invmsg=\"Text is invalid\" aria-invalid=\"false\"   \/>\r\n    \r\n    \r\n<\/div>\n<div id=\"frm_field_164_container\" class=\"frm_form_field form-field  frm_top_container\">\r\n    <label for=\"field_i1em\" class=\"frm_primary_label\">Efternamn\r\n        <span class=\"frm_required\"><\/span>\r\n    <\/label>\r\n    <input  type=\"text\" id=\"field_i1em\" name=\"item_meta[164]\" value=\"\"  data-invmsg=\"Text is invalid\" aria-invalid=\"false\"   \/>\r\n    \r\n    \r\n<\/div>\n<div id=\"frm_field_171_container\" class=\"frm_form_field form-field  frm_top_container\">\r\n    <label for=\"field_7la8\" class=\"frm_primary_label\">Telefon\r\n        <span class=\"frm_required\"><\/span>\r\n    <\/label>\r\n    <input type=\"tel\" id=\"field_7la8\" name=\"item_meta[171]\" value=\"\"  data-invmsg=\"Phone is invalid\" aria-invalid=\"false\" pattern=\"((\\+\\d{1,3}(-|.| )?\\(?\\d\\)?(-| |.)?\\d{1,5})|(\\(?\\d{2,6}\\)?))(-|.| )?(\\d{3,4})(-|.| )?(\\d{4})(( x| ext)\\d{1,5}){0,1}$\"  \/>\r\n    \r\n    \r\n<\/div>\n<div id=\"frm_field_166_container\" class=\"frm_form_field form-field  frm_top_container\">\r\n    <label for=\"field_k7549\" class=\"frm_primary_label\">Email\r\n        <span class=\"frm_required\"><\/span>\r\n    <\/label>\r\n    <input type=\"email\" id=\"field_k7549\" name=\"item_meta[166]\" value=\"\"  data-invmsg=\"Email \u00e4r ogiltigt\" aria-invalid=\"false\"  \/>\r\n    \r\n    \r\n<\/div>\n<div id=\"frm_field_167_container\" class=\"frm_form_field form-field  frm_top_container\">\r\n    <label for=\"field_hrh8w\" class=\"frm_primary_label\">L\u00e4ros\u00e4te\r\n        <span class=\"frm_required\"><\/span>\r\n    <\/label>\r\n    <input  type=\"text\" id=\"field_hrh8w\" name=\"item_meta[167]\" value=\"\"  data-invmsg=\"Text is invalid\" aria-invalid=\"false\"   \/>\r\n    \r\n    \r\n<\/div>\n<div id=\"frm_field_170_container\" class=\"frm_form_field form-field  frm_top_container\">\r\n    <label for=\"field_pzdt\" class=\"frm_primary_label\">Intresseomr\u00e5de\r\n        <span class=\"frm_required\"><\/span>\r\n    <\/label>\r\n    <input  type=\"text\" id=\"field_pzdt\" name=\"item_meta[170]\" value=\"\"  data-invmsg=\"Text is invalid\" aria-invalid=\"false\"   \/>\r\n    \r\n    \r\n<\/div>\n<div id=\"frm_field_227_container\" class=\"frm_form_field form-field  frm_embed_form_container\">\r\n<input type=\"hidden\" name=\"item_meta[227][form]\" value=\"21\" class=\"frm_dnc\" \/>\n\t\t\t<div id=\"frm_section_227-0\" class=\"frm_repeat_sec frm_repeat_227 frm_first_repeat frm_grid_container\">\n<input type=\"hidden\" name=\"item_meta[227][row_ids][]\" value=\"0\" \/><input type=\"hidden\" name=\"item_meta[227][0][0]\" value=\"\" \/><div id=\"frm_field_223-227-0_container\" class=\"frm_form_field  frm_html_container frm_field_223_container form-field\">\n<p style=\"font-size:14px;\"><b>Note!<\/b> What you submit with this form will be saved for the sole purpose of responding to the questions you have. Data Ductus will not use your information for any other purpose or distribute information about you to any third party. By submitting the form you are agreeing to this data collection. You are also agreeing to receiving newsletters and marketing messages by email from Data Ductus. For further details, see our <a href=\"\/privacy-policy\"> Privacy Policy<\/a> which also explains how you can get in touch with our Data Privacy Officer.<\/p>\n<\/div>\n<\/div>\n\r\n<\/div>\n\t<input type=\"hidden\" name=\"item_key\" value=\"\" \/>\n\t\t\t<div id=\"frm_field_562_container\">\n\t\t\t<label for=\"field_w3gpj\"  style=\"display:none;\">\n\t\t\t\tOm du \u00e4r m\u00e4nsklig, l\u00e4mna det h\u00e4r f\u00e4ltet tomt.\t\t\t<\/label>\n\t\t\t<input  id=\"field_w3gpj\" type=\"text\" class=\"frm_form_field form-field frm_verify\" name=\"item_meta[562]\" value=\"\"  style=\"display:none;\" \/>\n\t\t<\/div>\n\t\t<input name=\"frm_state\" type=\"hidden\" value=\"vq\/rypJFy9DDXzVf9rDB9T5jTyi+qBCKw\/LYk\/hs+OKz+0PfDSuJ1QtPiR4DMAHn\" \/><div class=\"frm_submit\">\r\n\r\n<button class=\"frm_button_submit frm_final_submit\" type=\"submit\"   formnovalidate=\"formnovalidate\">Submit<\/button>\r\n\r\n<\/div><\/div>\n<\/fieldset>\n<\/div>\n\n<\/form>\n<\/div>\n\n\n\n\n<div style=\"height:100px\" aria-hidden=\"true\" class=\"wp-block-spacer\"><\/div>\n","protected":false},"excerpt":{"rendered":"","protected":false},"author":7,"featured_media":0,"parent":0,"menu_order":0,"comment_status":"closed","ping_status":"closed","template":"","meta":{"_acf_changed":false,"footnotes":""},"class_list":["post-4371","page","type-page","status-publish","hentry"],"acf":[],"_links":{"self":[{"href":"https:\/\/ductus.global\/sv\/wp-json\/wp\/v2\/pages\/4371","targetHints":{"allow":["GET"]}}],"collection":[{"href":"https:\/\/ductus.global\/sv\/wp-json\/wp\/v2\/pages"}],"about":[{"href":"https:\/\/ductus.global\/sv\/wp-json\/wp\/v2\/types\/page"}],"author":[{"embeddable":true,"href":"https:\/\/ductus.global\/sv\/wp-json\/wp\/v2\/users\/7"}],"replies":[{"embeddable":true,"href":"https:\/\/ductus.global\/sv\/wp-json\/wp\/v2\/comments?post=4371"}],"version-history":[{"count":0,"href":"https:\/\/ductus.global\/sv\/wp-json\/wp\/v2\/pages\/4371\/revisions"}],"wp:attachment":[{"href":"https:\/\/ductus.global\/sv\/wp-json\/wp\/v2\/media?parent=4371"}],"curies":[{"name":"wp","href":"https:\/\/api.w.org\/{rel}","templated":true}]}}