{"id":33631,"date":"2025-07-03T15:24:35","date_gmt":"2025-07-03T14:24:35","guid":{"rendered":"https:\/\/ductus.global\/?page_id=33631"},"modified":"2026-03-17T13:53:12","modified_gmt":"2026-03-17T12:53:12","slug":"stockholm","status":"publish","type":"page","link":"https:\/\/ductus.global\/sv\/stockholm\/","title":{"rendered":"It-f\u00f6retag med it-konsulter i Stockholm &#8211; din lokala systemutvecklingspartner"},"content":{"rendered":"\n<section id=\"slider-banner-block_85dae7b5ed2378e011421b54437e06af\" class=\"slider-banner-block alignfull loading\" style=\"height: 700px\" data-type=\"carousel\" data-frequence=\"8000\" data-speed=\"1000\">\n    <div class=\"banner-static-content\">\n\t\t        <ul>\n\t\t\t        <\/ul>\n    <\/div>\n    <div class=\"banner-container slide-left\" style=\"width: 100%\">\n\n\t\t\n                <div id=\"sub_block_85dae7b5ed2378e011421b54437e06af_0\" class=\"inner  small-text-block text-block-align-left has-fixed-align \" data-item=\"0\" style=\"max-width: 100%; width: 100%\">\n                    <div id=\"image_block_85dae7b5ed2378e011421b54437e06af_0\" class=\"background-image\" role=\"img\"  aria-label=\"Stockholm\"  style=\"background-image:url(https:\/\/ductus.global\/wp-content\/uploads\/2024\/03\/Stockholm.jpg); background-position: 50% 50%\">\n\t\t\t\t\t\t                    <\/div>\n                    <div id=\"background_color_block_85dae7b5ed2378e011421b54437e06af_0\" style=\"opacity: 0.6\" class=\"overlay-color has-background has-ductus-blue-background-color\"><\/div>\n                    <div id=\"content_block_85dae7b5ed2378e011421b54437e06af_0\" style=\" max-width: 700px; background-color:transparent\" class=\"inner-content has-text-align-left\">\n\t\t\t\t\t\t\n\n\n                            <h1 class=\"hero-title has-text-color has-ductus-white-color\" >V\u00e4lkommen till Ductus Stockholm!<\/h1>\n\t\t\t\t\t\t\t\t\t\t\t\t\t\t\t\t\t\t\t<h2 class=\"hero-text has-text-color has-ductus-white-color\">IT-konsulter med expertis inom n\u00e4tverksautomation<\/h2>\t\t\t\t\t\t\n                                                                        <div class=\"background-block-mobile \" style=\"opacity: 1\"><\/div>\n                        <div class=\"background-block has-background\" style=\"opacity: 1\"><\/div>\n                    <\/div>\n                <\/div>\n\n\t\t\t    <\/div>\n<\/section>\n\n\n\n\n<div style=\"height:100px\" aria-hidden=\"true\" class=\"wp-block-spacer is-style-responsive-small\"><\/div>\n\n\n\n<div class=\"wp-block-group\"><div class=\"wp-block-group__inner-container is-layout-constrained wp-block-group-is-layout-constrained\">\n<h2 class=\"wp-block-heading has-text-align-center has-ductus-brightblue-color has-text-color\" id=\"h-valkommen-till-ductus-stockholm\">V\u00e4lkommen till Ductus Stockholm!<\/h2>\n\n\n\n<p class=\"has-preamble-font-size\">P\u00e5 Ductus i Stockholm \u00e4r vi ett v\u00e4xande team med erfarna experter inom n\u00e4tverksautomation och IT-konsulter som jobbar i hj\u00e4rtat av huvudstaden, ett stenkast fr\u00e5n Centralstationen. Med ett starkt fokus p\u00e5 n\u00e4tverksautomation hj\u00e4lper vi v\u00e5ra kunder att effektivisera, s\u00e4kra och framtidss\u00e4kra sina n\u00e4tverksmilj\u00f6er.<\/p>\n\n\n\n<div style=\"height:100px\" aria-hidden=\"true\" class=\"wp-block-spacer is-style-responsive-smaller\"><\/div>\n\n\n\n<div class=\"wp-block-columns is-layout-flex wp-container-core-columns-is-layout-9d6595d7 wp-block-columns-is-layout-flex\">\n<div class=\"wp-block-column is-layout-flow wp-block-column-is-layout-flow\">\n<p>Vi \u00e4r ett personligt kontor med stort engagemang f\u00f6r v\u00e5ra uppdrag. Hos oss jobbar du n\u00e4ra b\u00e5de teknik och kund, ofta i projekt d\u00e4r vi bidrar med specialistkompetens inom n\u00e4tverksdesign, automatisering och modernisering av stora infrastrukturer. Vi kombinerar det lilla kontorets gemenskap med det st\u00f6rre bolagets kapacitet.<\/p>\n\n\n\n<p>V\u00e5ra centralt bel\u00e4gna lokaler erbjuder en inspirerande milj\u00f6 \u2013 b\u00e5de f\u00f6r fokusarbete och samarbete. N\u00e4r vi tar oss an ett uppdrag \u00e4r kunden alltid i centrum, och v\u00e5r ambition \u00e4r att alltid hitta den l\u00f6sning som passar b\u00e4st. Hos oss \u00e4r ingen utmaning f\u00f6r liten \u2013 och ingen f\u00f6r komplex.<\/p>\n<\/div>\n\n\n\n<div class=\"wp-block-column is-layout-flow wp-block-column-is-layout-flow\">\n<figure class=\"wp-block-image size-full is-style-rounded-corners\"><img decoding=\"async\" width=\"600\" height=\"445\" src=\"https:\/\/ductus.global\/wp-content\/uploads\/2025\/07\/Stockholm-1.jpg\" alt=\"\" class=\"wp-image-33618\" srcset=\"https:\/\/ductus.global\/wp-content\/uploads\/2025\/07\/Stockholm-1.jpg 600w, https:\/\/ductus.global\/wp-content\/uploads\/2025\/07\/Stockholm-1-300x223.jpg 300w, https:\/\/ductus.global\/wp-content\/uploads\/2025\/07\/Stockholm-1-67x50.jpg 67w, https:\/\/ductus.global\/wp-content\/uploads\/2025\/07\/Stockholm-1-595x441.jpg 595w\" sizes=\"(max-width: 600px) 100vw, 600px\" \/><\/figure>\n<\/div>\n<\/div>\n\n\n\n<div class=\"wp-block-columns is-layout-flex wp-container-core-columns-is-layout-9d6595d7 wp-block-columns-is-layout-flex\">\n<div class=\"wp-block-column is-layout-flow wp-block-column-is-layout-flow\">\n<figure class=\"wp-block-image size-full is-style-rounded-corners\"><img decoding=\"async\" width=\"1024\" height=\"768\" src=\"https:\/\/ductus.global\/wp-content\/uploads\/2025\/07\/stockholm-4.jpg\" alt=\"\" class=\"wp-image-33620\" srcset=\"https:\/\/ductus.global\/wp-content\/uploads\/2025\/07\/stockholm-4.jpg 1024w, https:\/\/ductus.global\/wp-content\/uploads\/2025\/07\/stockholm-4-300x225.jpg 300w, https:\/\/ductus.global\/wp-content\/uploads\/2025\/07\/stockholm-4-768x576.jpg 768w, https:\/\/ductus.global\/wp-content\/uploads\/2025\/07\/stockholm-4-67x50.jpg 67w, https:\/\/ductus.global\/wp-content\/uploads\/2025\/07\/stockholm-4-588x441.jpg 588w\" sizes=\"(max-width: 1024px) 100vw, 1024px\" \/><\/figure>\n<\/div>\n\n\n\n<div class=\"wp-block-column is-layout-flow wp-block-column-is-layout-flow\">\n<p>P\u00e5 v\u00e5rt Stockholmskontor \u00e4r vi s\u00e4rskilt stolta \u00f6ver v\u00e5r kompetens inom:<\/p>\n\n\n\n<ul class=\"wp-block-list\">\n<li>Verktyg och plattformar som Cisco NSO, Ansible, Python och Git<\/li>\n\n\n\n<li>Agila metoder och DevOps<\/li>\n\n\n\n<li>Avancerad n\u00e4tverksautomation<\/li>\n\n\n\n<li><a href=\"https:\/\/ductus.global\/advisory\/\">R\u00e5dgivning inom n\u00e4tverksautomation<\/a><\/li>\n\n\n\n<li><a href=\"https:\/\/ductus.global\/implementation\/\">Implementation av n\u00e4tverksautomationsl\u00f6sningar<\/a><\/li>\n\n\n\n<li><a href=\"https:\/\/ductus.global\/network-automation-support\/\">Support av n\u00e4tverksautomationsl\u00f6sningar<\/a><\/li>\n\n\n\n<li><a href=\"https:\/\/ductus.global\/ductus-device-management-automation-platform-dmap\/\">Device Management Automation Platform<\/a><\/li>\n<\/ul>\n<\/div>\n<\/div>\n<\/div><\/div>\n\n\n\n<div class=\"wp-block-group alignfull has-d-green-light-background-color has-background\"><div class=\"wp-block-group__inner-container is-layout-constrained wp-block-group-is-layout-constrained\">\n<div style=\"height:100px\" aria-hidden=\"true\" class=\"wp-block-spacer is-style-responsive-small\"><\/div>\n\n\n\n<div class=\"wp-block-group\"><div class=\"wp-block-group__inner-container is-layout-constrained wp-block-group-is-layout-constrained\">\n<figure class=\"wp-block-gallery has-nested-images columns-default is-cropped is-style-hover-effect wp-block-gallery-2 is-layout-flex wp-block-gallery-is-layout-flex\">\n<figure class=\"wp-block-image size-full is-style-rounded-corners\"><img decoding=\"async\" width=\"1024\" height=\"768\" data-id=\"33622\" src=\"https:\/\/ductus.global\/wp-content\/uploads\/2025\/07\/stockholm-5.jpg\" alt=\"\" class=\"wp-image-33622\" srcset=\"https:\/\/ductus.global\/wp-content\/uploads\/2025\/07\/stockholm-5.jpg 1024w, https:\/\/ductus.global\/wp-content\/uploads\/2025\/07\/stockholm-5-300x225.jpg 300w, https:\/\/ductus.global\/wp-content\/uploads\/2025\/07\/stockholm-5-768x576.jpg 768w, https:\/\/ductus.global\/wp-content\/uploads\/2025\/07\/stockholm-5-67x50.jpg 67w, https:\/\/ductus.global\/wp-content\/uploads\/2025\/07\/stockholm-5-588x441.jpg 588w\" sizes=\"(max-width: 1024px) 100vw, 1024px\" \/><\/figure>\n\n\n\n<figure class=\"wp-block-image size-full is-style-rounded-corners\"><img decoding=\"async\" width=\"1024\" height=\"768\" data-id=\"33624\" src=\"https:\/\/ductus.global\/wp-content\/uploads\/2025\/07\/stockholm-3.jpg\" alt=\"\" class=\"wp-image-33624\" srcset=\"https:\/\/ductus.global\/wp-content\/uploads\/2025\/07\/stockholm-3.jpg 1024w, https:\/\/ductus.global\/wp-content\/uploads\/2025\/07\/stockholm-3-300x225.jpg 300w, https:\/\/ductus.global\/wp-content\/uploads\/2025\/07\/stockholm-3-768x576.jpg 768w, https:\/\/ductus.global\/wp-content\/uploads\/2025\/07\/stockholm-3-67x50.jpg 67w, https:\/\/ductus.global\/wp-content\/uploads\/2025\/07\/stockholm-3-588x441.jpg 588w\" sizes=\"(max-width: 1024px) 100vw, 1024px\" \/><\/figure>\n\n\n\n<figure class=\"wp-block-image size-full is-style-rounded-corners\"><img decoding=\"async\" width=\"1024\" height=\"768\" data-id=\"33626\" src=\"https:\/\/ductus.global\/wp-content\/uploads\/2025\/07\/stockholm-2.jpg\" alt=\"\" class=\"wp-image-33626\" srcset=\"https:\/\/ductus.global\/wp-content\/uploads\/2025\/07\/stockholm-2.jpg 1024w, https:\/\/ductus.global\/wp-content\/uploads\/2025\/07\/stockholm-2-300x225.jpg 300w, https:\/\/ductus.global\/wp-content\/uploads\/2025\/07\/stockholm-2-768x576.jpg 768w, https:\/\/ductus.global\/wp-content\/uploads\/2025\/07\/stockholm-2-67x50.jpg 67w, https:\/\/ductus.global\/wp-content\/uploads\/2025\/07\/stockholm-2-588x441.jpg 588w\" sizes=\"(max-width: 1024px) 100vw, 1024px\" \/><\/figure>\n<\/figure>\n<\/div><\/div>\n\n\n\n<div style=\"height:100px\" aria-hidden=\"true\" class=\"wp-block-spacer is-style-responsive-medium\"><\/div>\n<\/div><\/div>\n\n\n\n<div class=\"wp-block-group alignfull has-d-mocha-light-background-color has-background\" id=\"job-openings\"><div class=\"wp-block-group__inner-container is-layout-flow wp-block-group-is-layout-flow\">\n<div style=\"height:50px\" aria-hidden=\"true\" class=\"wp-block-spacer\"><\/div>\n\n\n\n<h2 class=\"wp-block-heading has-text-align-center has-ductus-darkblue-color has-text-color\" id=\"open-positions\">Vill du jobba p\u00e5 Stockholm-kontoret?<\/h2>\n\n\n\n<div class=\"wp-block-group\"><div class=\"wp-block-group__inner-container is-layout-constrained wp-block-group-is-layout-constrained\">\n<p class=\"has-text-align-center\">Vi \u00e4r inne i en kraftig tillv\u00e4xtfas och vi beh\u00f6ver bli fler de n\u00e4rmaste \u00e5ren. Vill du ocks\u00e5 jobba med v\u00e5ra fantastiska kunder och utvecklas tillsammans med v\u00e5rt h\u00e4rliga team i Stockholm? Ans\u00f6k idag!<\/p>\n\n\n\n<p class=\"has-text-align-center\">Kom ih\u00e5g att du alltid kan skicka in en \u00f6ppen ans\u00f6kan om du inte hittar n\u00e5got passande i listan!<\/p>\n\n\n\n<div class=\"wp-block-buttons is-content-justification-center is-layout-flex wp-container-core-buttons-is-layout-16018d1d wp-block-buttons-is-layout-flex\">\n<div class=\"wp-block-button\"><a class=\"wp-block-button__link has-ductus-orange-background-color has-background wp-element-button\" href=\"https:\/\/ductus.global\/sv\/job_openings\/open-application\/\">Spontanans\u00f6kan<\/a><\/div>\n<\/div>\n\n\n\n\n\n<section id=\"category-filter-list-block_8e46c0548279b67834237b2d2f19dcd4\" class=\"ductus-category-filter-list default-grid template-2\">\n        <div id=\"post-list-category-filter-list-block_8e46c0548279b67834237b2d2f19dcd4\" class=\"category-post-list\">\n        <div class=\"no-post-msg\">We currently have no open positions here but please send us an open application!<\/div>    <\/div>\n\n    <div class=\"empty-search-message\" data-string=\"Det finns inga lediga tj\u00e4nster i %s%s\"><span>Det finns inga lediga tj\u00e4nster i %s%s<\/span><\/div>\n\n<\/section>\n<\/div><\/div>\n\n\n\n<div style=\"height:100px\" aria-hidden=\"true\" class=\"wp-block-spacer is-style-responsive-smaller\"><\/div>\n\n\n\n<div style=\"height:150px\" aria-hidden=\"true\" class=\"wp-block-spacer is-style-responsive-smaller\"><\/div>\n<\/div><\/div>\n\n\n\n<div class=\"wp-block-group alignfull\"><div class=\"wp-block-group__inner-container is-layout-flow wp-block-group-is-layout-flow\">\n<div style=\"height:100px\" aria-hidden=\"true\" class=\"wp-block-spacer is-style-responsive-medium\"><\/div>\n\n\n\n<h2 class=\"wp-block-heading has-text-align-center has-ductus-blue-color has-text-color\" id=\"h-kontakta-oss\">Kontakta oss<\/h2>\n\n\n\n<div style=\"height:100px\" aria-hidden=\"true\" class=\"wp-block-spacer is-style-responsive-smaller\"><\/div>\n<\/div><\/div>\n\n\n\n<div class=\"wp-block-group\"><div class=\"wp-block-group__inner-container is-layout-constrained wp-block-group-is-layout-constrained\"><div class=\"wp-block-image is-resized is-style-circle-mask\">\n<figure class=\"aligncenter size-full\"><img decoding=\"async\" width=\"366\" height=\"366\" src=\"https:\/\/ductus.global\/wp-content\/uploads\/2025\/07\/Ronny-Bergstrom.jpg\" alt=\"\" class=\"wp-image-33628\" style=\"width:170px\" srcset=\"https:\/\/ductus.global\/wp-content\/uploads\/2025\/07\/Ronny-Bergstrom.jpg 366w, https:\/\/ductus.global\/wp-content\/uploads\/2025\/07\/Ronny-Bergstrom-300x300.jpg 300w, https:\/\/ductus.global\/wp-content\/uploads\/2025\/07\/Ronny-Bergstrom-150x150.jpg 150w, https:\/\/ductus.global\/wp-content\/uploads\/2025\/07\/Ronny-Bergstrom-50x50.jpg 50w\" sizes=\"(max-width: 366px) 100vw, 366px\" \/><\/figure>\n<\/div>\n\n\n<h3 class=\"wp-block-heading has-text-align-center has-ductus-blue-color has-text-color\" id=\"h-ronny-bergstrom\">Ronny Bergstr\u00f6m<\/h3>\n\n\n\n<h3 class=\"wp-block-heading has-text-align-center has-regular-font-size\" id=\"h-rekrytering-saljkontakt-natverksautomation\">Rekrytering \/ S\u00e4ljkontakt N\u00e4tverksautomation<\/h3>\n\n\n\n<p class=\"has-text-align-center\">070-264 83 67<br>ronny.bergstrom(at)ductus.se<\/p>\n<\/div><\/div>\n\n\n\n<div style=\"height:100px\" aria-hidden=\"true\" class=\"wp-block-spacer is-style-responsive-large\"><\/div>\n\n\n\n<div class=\"wp-block-group alignfull has-d-plum-mid-background-color has-background\"><div class=\"wp-block-group__inner-container is-layout-flow wp-block-group-is-layout-flow\">\n<div style=\"height:0px\" aria-hidden=\"true\" class=\"wp-block-spacer is-style-responsive-small\"><\/div>\n\n\n\n<div class=\"wp-block-columns is-layout-flex wp-container-core-columns-is-layout-9d6595d7 wp-block-columns-is-layout-flex\">\n<div class=\"wp-block-column is-layout-flow wp-block-column-is-layout-flow\"><div id=\"wpgmza_map_1\" class=\"wpgmza_map wpgmza-auto-center\" style=\"display:block;width:100%;height:100%;overflow:hidden;position:relative;\" data-map-id=\"1\" data-maps-engine=\"open-layers\" data-build-engine=\"atlas-novus\" data-shortcode-attributes=\"{&quot;id&quot;:&quot;1&quot;,&quot;zoom&quot;:false,&quot;width&quot;:false,&quot;height&quot;:false,&quot;marker&quot;:&quot;6&quot;,&quot;classname&quot;:false,&quot;mashup&quot;:&quot;true&quot;,&quot;mashup_ids&quot;:&quot;1&quot;,&quot;cat&quot;:false,&quot;type&quot;:&quot;default&quot;,&quot;parent_id&quot;:&quot;1&quot;,&quot;lat&quot;:false,&quot;lng&quot;:false,&quot;mark_center&quot;:false,&quot;enable_category&quot;:false,&quot;directions_from&quot;:false,&quot;directions_to&quot;:false,&quot;directions_waypoints&quot;:false,&quot;directions_auto&quot;:false,&quot;disable_vgm_form&quot;:false,&quot;redirect_to&quot;:false}\" data-settings=\"{&quot;map_title&quot;:&quot;Ductus World&quot;,&quot;map_width&quot;:&quot;100&quot;,&quot;map_height&quot;:&quot;100&quot;,&quot;map_start_lat&quot;:&quot;59.8576673&quot;,&quot;map_start_lng&quot;:&quot;17.6405101&quot;,&quot;map_start_location&quot;:&quot;40.67298110133226,15.57764849999999&quot;,&quot;map_start_zoom&quot;:&quot;14&quot;,&quot;default_marker&quot;:&quot;{\\&quot;url\\&quot;:\\&quot;\\\/\\\/ductus.global\\\/wp-content\\\/uploads\\\/2023\\\/05\\\/ductus_marker-2.png\\&quot;,\\&quot;retina\\&quot;:true}&quot;,&quot;type&quot;:&quot;1&quot;,&quot;alignment&quot;:&quot;1&quot;,&quot;directions_enabled&quot;:&quot;0&quot;,&quot;styling_enabled&quot;:&quot;0&quot;,&quot;styling_json&quot;:&quot;&quot;,&quot;active&quot;:&quot;0&quot;,&quot;kml&quot;:&quot;&quot;,&quot;bicycle&quot;:&quot;0&quot;,&quot;traffic&quot;:&quot;0&quot;,&quot;dbox&quot;:&quot;1&quot;,&quot;dbox_width&quot;:&quot;100&quot;,&quot;listmarkers&quot;:&quot;0&quot;,&quot;listmarkers_advanced&quot;:&quot;0&quot;,&quot;filterbycat&quot;:&quot;0&quot;,&quot;ugm_enabled&quot;:&quot;0&quot;,&quot;ugm_category_enabled&quot;:&quot;0&quot;,&quot;fusion&quot;:&quot;&quot;,&quot;map_width_type&quot;:&quot;%&quot;,&quot;map_height_type&quot;:&quot;%&quot;,&quot;mass_marker_support&quot;:&quot;1&quot;,&quot;ugm_access&quot;:&quot;0&quot;,&quot;order_markers_by&quot;:&quot;1&quot;,&quot;order_markers_choice&quot;:&quot;1&quot;,&quot;show_user_location&quot;:&quot;0&quot;,&quot;default_to&quot;:&quot;&quot;,&quot;store_locator_enabled&quot;:false,&quot;store_locator_distance&quot;:true,&quot;store_locator_default_radius&quot;:&quot;10&quot;,&quot;store_locator_not_found_message&quot;:&quot;&quot;,&quot;store_locator_bounce&quot;:1,&quot;store_locator_query_string&quot;:&quot;&quot;,&quot;store_locator_default_address&quot;:&quot;&quot;,&quot;wpgmza_store_locator_restrict&quot;:&quot;&quot;,&quot;map_max_zoom&quot;:&quot;1&quot;,&quot;transport_layer&quot;:false,&quot;wpgmza_theme_data&quot;:&quot;&quot;,&quot;wpgmza_show_points_of_interest&quot;:1,&quot;action&quot;:&quot;wpgmza_save_map&quot;,&quot;redirect_to&quot;:&quot;\\\/wp-admin\\\/admin-post.php&quot;,&quot;map_id&quot;:&quot;1&quot;,&quot;wpgmza_savemap&quot;:&quot;Save Map&quot;,&quot;http_referer&quot;:&quot;\\\/wp-admin\\\/admin.php?page=wp-google-maps-menu&amp;amp;action=edit&amp;amp;map_id=1&quot;,&quot;wpgmza_id&quot;:&quot;1&quot;,&quot;wpgmza_start_location&quot;:&quot;59.8576673,17.6405101&quot;,&quot;wpgmza_start_zoom&quot;:&quot;14&quot;,&quot;wpgmza_map_align&quot;:&quot;2&quot;,&quot;store_locator_search_area&quot;:&quot;radial&quot;,&quot;wpgmza_store_locator_default_radius&quot;:&quot;10&quot;,&quot;store_locator_auto_area_max_zoom&quot;:&quot;&quot;,&quot;wpgmza_store_locator_radius_style&quot;:&quot;legacy&quot;,&quot;store_locator_component_anchor&quot;:&quot;0&quot;,&quot;wpgmza_store_locator_bounce&quot;:false,&quot;wpgmza_sl_animation&quot;:&quot;0&quot;,&quot;sl_stroke_color&quot;:&quot;#ffffff&quot;,&quot;sl_stroke_opacity&quot;:&quot;&quot;,&quot;sl_fill_color&quot;:&quot;#ffffff&quot;,&quot;sl_fill_opacity&quot;:&quot;&quot;,&quot;store_locator_location_placeholder&quot;:&quot;&quot;,&quot;store_locator_name_search&quot;:false,&quot;store_locator_name_string&quot;:&quot;&quot;,&quot;store_locator_show_distance&quot;:false,&quot;store_locator_category&quot;:false,&quot;wpgmza_store_locator_use_their_location&quot;:false,&quot;wpgmza_store_locator_hide_before_search&quot;:false,&quot;store_locator_nearby_searches&quot;:false,&quot;wpgmza_ol_tile_filter&quot;:&quot;grayscale(100%)&quot;,&quot;custom_tile_enabled&quot;:false,&quot;custom_tile_image&quot;:&quot;&quot;,&quot;custom_tile_image_width&quot;:&quot;&quot;,&quot;custom_tile_image_height&quot;:&quot;&quot;,&quot;custom_tile_image_attribution&quot;:&quot;&quot;,&quot;iw_primary_color&quot;:&quot;#000000&quot;,&quot;iw_accent_color&quot;:&quot;#000000&quot;,&quot;iw_text_color&quot;:&quot;#000000&quot;,&quot;close_infowindow_on_map_click&quot;:false,&quot;marker_share_links&quot;:false,&quot;wpgmza_listmarkers_by&quot;:&quot;0&quot;,&quot;marker_listing_component_anchor&quot;:&quot;1&quot;,&quot;marker_listing_component_auto_open&quot;:false,&quot;dataTable_pagination_style&quot;:&quot;default&quot;,&quot;category_filter_component_anchor&quot;:&quot;0&quot;,&quot;zoom_level_on_marker_listing_override&quot;:false,&quot;zoom_level_on_marker_listing_click&quot;:&quot;&quot;,&quot;marker_listing_disable_zoom&quot;:false,&quot;datatable_no_result_message&quot;:&quot;&quot;,&quot;remove_search_box_datables&quot;:false,&quot;datatable_search_string&quot;:&quot;&quot;,&quot;datatable_result_start&quot;:&quot;&quot;,&quot;datatable_result_of&quot;:&quot;&quot;,&quot;datatable_result_to&quot;:&quot;&quot;,&quot;datatable_result_total&quot;:&quot;&quot;,&quot;datatable_result_show&quot;:&quot;&quot;,&quot;datatable_result_entries&quot;:&quot;&quot;,&quot;category_legends_enabled&quot;:false,&quot;category_legends_component_anchor&quot;:&quot;8&quot;,&quot;jump_to_nearest_marker_on_initialization&quot;:false,&quot;click_open_link&quot;:false,&quot;wpgmza_zoom_on_marker_click&quot;:false,&quot;wpgmza_zoom_on_marker_click_slider&quot;:&quot;&quot;,&quot;polygon_labels&quot;:false,&quot;disable_polygon_info_windows&quot;:false,&quot;fit_maps_bounds_to_markers&quot;:false,&quot;fit_maps_bounds_to_markers_after_filtering&quot;:false,&quot;automatically_pan_to_users_location&quot;:false,&quot;override_users_location_zoom_level&quot;:false,&quot;override_users_location_zoom_levels&quot;:&quot;&quot;,&quot;show_distance_from_location&quot;:false,&quot;map_starts_in_streetview&quot;:false,&quot;map_starts_in_streetview_location&quot;:&quot;&quot;,&quot;map_starts_in_streetview_heading&quot;:&quot;&quot;,&quot;map_starts_in_streetview_pitch&quot;:&quot;&quot;,&quot;map_min_zoom&quot;:&quot;0&quot;,&quot;hide_point_of_interest&quot;:false,&quot;disable_lightbox_images&quot;:false,&quot;use_Raw_Jpeg_Coordinates&quot;:false,&quot;enable_marker_ratings&quot;:false,&quot;only_load_markers_within_viewport&quot;:false,&quot;upload_default_sl_marker&quot;:&quot;&quot;,&quot;upload_default_sl_marker_retina&quot;:false,&quot;directions_box_style&quot;:&quot;default&quot;,&quot;directions_box_component_anchor&quot;:&quot;1&quot;,&quot;wpgmza_dbox_width_type&quot;:&quot;%&quot;,&quot;default_from&quot;:&quot;&quot;,&quot;directions_behaviour&quot;:&quot;default&quot;,&quot;force_google_directions_app&quot;:false,&quot;directions_route_origin_icon&quot;:&quot;https:\\\/\\\/ductus.global\\\/wp-content\\\/plugins\\\/wp-google-maps\\\/images\\\/spotlight-poi3.png&quot;,&quot;directions_origin_retina&quot;:false,&quot;directions_route_destination_icon&quot;:&quot;https:\\\/\\\/ductus.global\\\/wp-content\\\/plugins\\\/wp-google-maps\\\/images\\\/spotlight-poi3.png&quot;,&quot;directions_destination_retina&quot;:false,&quot;directions_route_stroke_color&quot;:&quot;#4d8df5&quot;,&quot;directions_route_stroke_weight&quot;:&quot;4&quot;,&quot;directions_route_stroke_opacity&quot;:&quot;0.8&quot;,&quot;directions_fit_bounds_to_route&quot;:false,&quot;upload_default_ul_marker&quot;:&quot;&quot;,&quot;upload_default_ul_marker_retina&quot;:false,&quot;retina&quot;:true,&quot;enable_advanced_custom_fields_integration&quot;:false,&quot;enable_advanced_custom_fields_integration_type&quot;:&quot;&quot;,&quot;enable_toolset_woocommerce_integration&quot;:false,&quot;enable_woo_product_integration&quot;:false,&quot;shortcodeAttributes&quot;:{&quot;id&quot;:&quot;1&quot;,&quot;mashup&quot;:&quot;true&quot;,&quot;mashup_ids&quot;:&quot;1&quot;,&quot;parent_id&quot;:&quot;1&quot;,&quot;marker&quot;:&quot;2&quot;},&quot;wpgmza_iw_type&quot;:&quot;-1&quot;,&quot;zoom_level_mobile_override_enabled&quot;:false,&quot;zoom_level_mobile_override&quot;:&quot;&quot;,&quot;enable_marker_labels&quot;:false,&quot;id&quot;:1}\" data-mashup=\"true\" data-mashup-ids=\"1\" ><\/div><\/div>\n\n\n\n<div class=\"wp-block-column is-layout-flow wp-block-column-is-layout-flow\">\n<h3 class=\"wp-block-heading has-ductus-white-color has-text-color has-link-color wp-elements-f054e775dc69d89bc5e608fa04cee5b8\" id=\"h-har-finns-vi\">H\u00e4r finns vi!<\/h3>\n\n\n\n<p class=\"has-ductus-white-color has-text-color has-link-color wp-elements-c23b132584be050bd80e6e1abb78c6b3\">Vasagatan 28,<br>111 20 Stockholm<\/p>\n\n\n\n<p class=\"has-ductus-white-color has-text-color has-link-color wp-elements-c0ec6205cc2934f5c4f4bdb384164680\">+46 (8) 27 28 74<\/p>\n\n\n\n<p class=\"has-ductus-white-color has-text-color has-link-color wp-elements-1cc297e357a9396690e6f4154270ba01\">info@ductus.se<\/p>\n\n\n\n<div style=\"height:100px\" aria-hidden=\"true\" class=\"wp-block-spacer is-style-responsive-large\"><\/div>\n<\/div>\n<\/div>\n\n\n\n<div style=\"height:100px\" aria-hidden=\"true\" class=\"wp-block-spacer is-style-responsive-large\"><\/div>\n<\/div><\/div>\n","protected":false},"excerpt":{"rendered":"<p>V\u00e4lkommen till Ductus Stockholm! P\u00e5 Ductus i Stockholm \u00e4r vi ett v\u00e4xande team med erfarna experter inom n\u00e4tverksautomation och IT-konsulter som jobbar i hj\u00e4rtat av huvudstaden, ett stenkast fr\u00e5n Centralstationen. Med ett starkt fokus p\u00e5 n\u00e4tverksautomation hj\u00e4lper vi v\u00e5ra kunder att effektivisera, s\u00e4kra och framtidss\u00e4kra sina n\u00e4tverksmilj\u00f6er. Vi \u00e4r ett personligt kontor med stort engagemang [&hellip;]<\/p>\n","protected":false},"author":5,"featured_media":30284,"parent":0,"menu_order":0,"comment_status":"closed","ping_status":"closed","template":"","meta":{"_acf_changed":false,"footnotes":""},"class_list":["post-33631","page","type-page","status-publish","has-post-thumbnail","hentry"],"acf":[],"_links":{"self":[{"href":"https:\/\/ductus.global\/sv\/wp-json\/wp\/v2\/pages\/33631","targetHints":{"allow":["GET"]}}],"collection":[{"href":"https:\/\/ductus.global\/sv\/wp-json\/wp\/v2\/pages"}],"about":[{"href":"https:\/\/ductus.global\/sv\/wp-json\/wp\/v2\/types\/page"}],"author":[{"embeddable":true,"href":"https:\/\/ductus.global\/sv\/wp-json\/wp\/v2\/users\/5"}],"replies":[{"embeddable":true,"href":"https:\/\/ductus.global\/sv\/wp-json\/wp\/v2\/comments?post=33631"}],"version-history":[{"count":6,"href":"https:\/\/ductus.global\/sv\/wp-json\/wp\/v2\/pages\/33631\/revisions"}],"predecessor-version":[{"id":34374,"href":"https:\/\/ductus.global\/sv\/wp-json\/wp\/v2\/pages\/33631\/revisions\/34374"}],"wp:featuredmedia":[{"embeddable":true,"href":"https:\/\/ductus.global\/sv\/wp-json\/wp\/v2\/media\/30284"}],"wp:attachment":[{"href":"https:\/\/ductus.global\/sv\/wp-json\/wp\/v2\/media?parent=33631"}],"curies":[{"name":"wp","href":"https:\/\/api.w.org\/{rel}","templated":true}]}}