{"id":29778,"date":"2017-12-09T23:53:55","date_gmt":"2017-12-09T22:53:55","guid":{"rendered":"https:\/\/stage.dataductus.com\/support\/"},"modified":"2025-01-27T16:54:49","modified_gmt":"2025-01-27T15:54:49","slug":"support","status":"publish","type":"page","link":"https:\/\/ductus.global\/sv\/support\/","title":{"rendered":"Support"},"content":{"rendered":"\n<div style=\"height:40px\" aria-hidden=\"true\" class=\"wp-block-spacer\"><\/div>\n\n\n\n<p>Om din organisation har ett supportavtal med Ductus, har den supportansvariga inom din organisation de uppgifter som beh\u00f6vs f\u00f6r att registrera ett \u00e4rende hos oss. Om du \u00e4r os\u00e4ker p\u00e5 vem du ska v\u00e4nda dig till kan du skicka ett mejl till helpdesk (@) dataductus.se, s\u00e5 hj\u00e4lper vi dig.<\/p>\n\n\n\n<p>Om din organisation \u00e4nnu inte har ett supportavtal med oss kan du l\u00e4sa mer om v\u00e5ra <a href=\"https:\/\/ductus.global\/sv\/servicedesk\/\">service desk erbjudanden h\u00e4r<\/a>.<\/p>\n\n\n\n<div style=\"height:60px\" aria-hidden=\"true\" class=\"wp-block-spacer\"><\/div>\n\n\n\n<div class=\"wp-block-group alignfull has-d-mocha-light-background-color has-background\"><div class=\"wp-block-group__inner-container is-layout-flow wp-block-group-is-layout-flow\">\n<div style=\"height:60px\" aria-hidden=\"true\" class=\"wp-block-spacer\"><\/div>\n\n\n\n<h3 class=\"wp-block-heading has-text-align-center\" id=\"h-klient-for-fjarrsupport\">Klient f\u00f6r fj\u00e4rrsupport<\/h3>\n\n\n\n<p class=\"has-text-align-center\">Om en supportagent ber dig att ladda ner fj\u00e4rrsupportklienten kan du anv\u00e4nda denna l\u00e4nk:<\/p>\n\n\n\n<p class=\"has-text-align-center\"><a href=\"https:\/\/get.teamviewer.com\/8rs4hyh\" target=\"_blank\" rel=\"noreferrer noopener\">https:\/\/get.teamviewer.com\/8rs4hyh<\/a><\/p>\n\n\n\n<div style=\"height:60px\" aria-hidden=\"true\" class=\"wp-block-spacer\"><\/div>\n<\/div><\/div>\n\n\n\n<div class=\"wp-block-group alignfull\"><div class=\"wp-block-group__inner-container is-layout-flow wp-block-group-is-layout-flow\">\n<div style=\"height:100px\" aria-hidden=\"true\" class=\"wp-block-spacer\"><\/div>\n\n\n\n<h2 class=\"wp-block-heading has-text-align-center has-ductus-darkblue-color has-text-color\" id=\"h-\"><\/h2>\n\n\n\n<div style=\"height:150px\" aria-hidden=\"true\" class=\"wp-block-spacer\"><\/div>\n<\/div><\/div>\n","protected":false},"excerpt":{"rendered":"<p>Customer support<\/p>\n","protected":false},"author":7,"featured_media":0,"parent":0,"menu_order":115,"comment_status":"closed","ping_status":"closed","template":"","meta":{"_acf_changed":false,"footnotes":""},"class_list":["post-29778","page","type-page","status-publish","hentry"],"acf":[],"_links":{"self":[{"href":"https:\/\/ductus.global\/sv\/wp-json\/wp\/v2\/pages\/29778","targetHints":{"allow":["GET"]}}],"collection":[{"href":"https:\/\/ductus.global\/sv\/wp-json\/wp\/v2\/pages"}],"about":[{"href":"https:\/\/ductus.global\/sv\/wp-json\/wp\/v2\/types\/page"}],"author":[{"embeddable":true,"href":"https:\/\/ductus.global\/sv\/wp-json\/wp\/v2\/users\/7"}],"replies":[{"embeddable":true,"href":"https:\/\/ductus.global\/sv\/wp-json\/wp\/v2\/comments?post=29778"}],"version-history":[{"count":5,"href":"https:\/\/ductus.global\/sv\/wp-json\/wp\/v2\/pages\/29778\/revisions"}],"predecessor-version":[{"id":32917,"href":"https:\/\/ductus.global\/sv\/wp-json\/wp\/v2\/pages\/29778\/revisions\/32917"}],"wp:attachment":[{"href":"https:\/\/ductus.global\/sv\/wp-json\/wp\/v2\/media?parent=29778"}],"curies":[{"name":"wp","href":"https:\/\/api.w.org\/{rel}","templated":true}]}}