{"id":28334,"date":"2023-08-28T12:45:37","date_gmt":"2023-08-28T11:45:37","guid":{"rendered":"https:\/\/stage.dataductus.com\/?page_id=28334"},"modified":"2024-06-17T09:43:19","modified_gmt":"2024-06-17T08:43:19","slug":"vissselblasning-pa-ductus","status":"publish","type":"page","link":"https:\/\/ductus.global\/sv\/vissselblasning-pa-ductus\/","title":{"rendered":"Vissselbl\u00e5sning p\u00e5 Ductus"},"content":{"rendered":"\n<div style=\"height:100px\" aria-hidden=\"true\" class=\"wp-block-spacer is-style-responsive-small\"><\/div>\n\n\n<div class=\"wp-block-spacer\" style=\"height: 30px\"><\/div>\n\n\n<h3 class=\"wp-block-heading\" id=\"h-varfor-visselblasa\">Varf\u00f6r visselbl\u00e5sa?<\/h3>\n\n\n\n<p>P\u00e5 Ductus str\u00e4var vi efter att ha en \u00f6ppen och transparent arbetsplats, d\u00e4r missf\u00f6rh\u00e5llanden inte ska f\u00f6rekomma. Genom att erh\u00e5lla er m\u00f6jligheten att visselbl\u00e5sa uppr\u00e4tth\u00e5ller vi det tillsammans. Vi anv\u00e4nder <a href=\"https:\/\/visslan.com\/\">Visslans<\/a> visselbl\u00e5sarkanal som s\u00e4kerst\u00e4ller din anonymitet och h\u00f6g s\u00e4kerhet och som du n\u00e5r genom att klicka h\u00e4r: <a href=\"https:\/\/dataductus.visslan-report.se\/\">https:\/\/dataductus.visslan-report.se\/<\/a><\/p>\n\n\n\n<h3 class=\"wp-block-heading\">Vem kan rapportera?<\/h3>\n\n\n\n<p>F\u00f6renklat kan du rapportera missf\u00f6rh\u00e5llanden om du \u00e4r eller har varit verksam inom Data Ductus. \u00c4r du os\u00e4ker uppmuntrar vi dig till att l\u00e4sa mer i v\u00e5r visselbl\u00e5sarpolicy.<\/p>\n\n\n\n<h3 class=\"wp-block-heading\">Vad kan rapporteras?<\/h3>\n\n\n\n<p>Vi uppmanar dig att visselbl\u00e5sa vid misstanke om ett missf\u00f6rh\u00e5llande inom f\u00f6retaget med allm\u00e4nintresse av att det kommer fram. \u00c4r du os\u00e4ker uppmuntrar vi dig till att l\u00e4sa mer i v\u00e5r visselbl\u00e5sarpolicy. Du beh\u00f6ver inte bevis f\u00f6r din misstanke, men alla rapporteringar m\u00e5ste l\u00e4mnas i god tro.<\/p>\n\n\n\n<h3 class=\"wp-block-heading\">Hur hanteras rapporteringen?<\/h3>\n\n\n\n<p>Rapporteringen hanteras konfidentiellt. Samtliga personuppgifter utan relevans kommer att raderas, och \u00e4rendet sparas endast s\u00e5 l\u00e4nge det \u00e4r n\u00f6dv\u00e4ndigt. V\u00e5ra \u00e4renden hanteras av <strong>Lindahls Advokatbyr\u00e5<\/strong> f\u00f6r att garantera oberoende hantering.<\/p>\n\n\n\n<h3 class=\"wp-block-heading\">Har du fler fr\u00e5gor?<\/h3>\n\n\n\n<p>Om du vill veta mer om v\u00e5r hantering av visselbl\u00e5snings\u00e4renden, personuppgifter eller arbetsmilj\u00f6fr\u00e5gor l\u00e4s g\u00e4rna nedanst\u00e5ende dokument:<\/p>\n\n\n\n<p><a href=\"https:\/\/dataductus.com\/whistleblower-policy\/\"><strong>Fullst\u00e4ndig visselbl\u00e5sarpolicy<\/strong><\/a><\/p>\n\n\n\n<p><a href=\"https:\/\/ductus.global\/privacy-policy\/\"><strong>Privacy policy<\/strong><\/a><\/p>\n\n\n\n<div style=\"height:100px\" aria-hidden=\"true\" class=\"wp-block-spacer is-style-responsive-bottom\"><\/div>\n","protected":false},"excerpt":{"rendered":"<p>Varf\u00f6r visselbl\u00e5sa? P\u00e5 Ductus str\u00e4var vi efter att ha en \u00f6ppen och transparent arbetsplats, d\u00e4r missf\u00f6rh\u00e5llanden inte ska f\u00f6rekomma. Genom att erh\u00e5lla er m\u00f6jligheten att visselbl\u00e5sa uppr\u00e4tth\u00e5ller vi det tillsammans. Vi anv\u00e4nder Visslans visselbl\u00e5sarkanal som s\u00e4kerst\u00e4ller din anonymitet och h\u00f6g s\u00e4kerhet och som du n\u00e5r genom att klicka h\u00e4r: https:\/\/dataductus.visslan-report.se\/ Vem kan rapportera? F\u00f6renklat kan [&hellip;]<\/p>\n","protected":false},"author":5,"featured_media":0,"parent":0,"menu_order":0,"comment_status":"closed","ping_status":"closed","template":"","meta":{"_acf_changed":false,"footnotes":""},"class_list":["post-28334","page","type-page","status-publish","hentry"],"acf":[],"_links":{"self":[{"href":"https:\/\/ductus.global\/sv\/wp-json\/wp\/v2\/pages\/28334","targetHints":{"allow":["GET"]}}],"collection":[{"href":"https:\/\/ductus.global\/sv\/wp-json\/wp\/v2\/pages"}],"about":[{"href":"https:\/\/ductus.global\/sv\/wp-json\/wp\/v2\/types\/page"}],"author":[{"embeddable":true,"href":"https:\/\/ductus.global\/sv\/wp-json\/wp\/v2\/users\/5"}],"replies":[{"embeddable":true,"href":"https:\/\/ductus.global\/sv\/wp-json\/wp\/v2\/comments?post=28334"}],"version-history":[{"count":1,"href":"https:\/\/ductus.global\/sv\/wp-json\/wp\/v2\/pages\/28334\/revisions"}],"predecessor-version":[{"id":32166,"href":"https:\/\/ductus.global\/sv\/wp-json\/wp\/v2\/pages\/28334\/revisions\/32166"}],"wp:attachment":[{"href":"https:\/\/ductus.global\/sv\/wp-json\/wp\/v2\/media?parent=28334"}],"curies":[{"name":"wp","href":"https:\/\/api.w.org\/{rel}","templated":true}]}}