{"id":15833,"date":"2019-10-31T13:28:04","date_gmt":"2019-10-31T12:28:04","guid":{"rendered":"https:\/\/stage.dataductus.com\/?page_id=15833"},"modified":"2025-09-24T15:55:20","modified_gmt":"2025-09-24T14:55:20","slug":"partnership","status":"publish","type":"page","link":"https:\/\/ductus.global\/sv\/partnership\/","title":{"rendered":"Partnership"},"content":{"rendered":"\n<div class=\"wp-block-cover alignfull\" style=\"min-height:300px;aspect-ratio:unset;\"><span aria-hidden=\"true\" class=\"wp-block-cover__background has-d-plum-dark-background-color has-background-dim-80 has-background-dim\"><\/span><img decoding=\"async\" width=\"1200\" height=\"327\" src=\"https:\/\/ductus.global\/wp-content\/uploads\/2022\/09\/partnership.jpeg\" class=\"wp-block-cover__image-background wp-post-image\" alt=\"\" data-object-fit=\"cover\" data-object-position=\"50% 50%\" style=\"object-position:50% 50%;\" srcset=\"https:\/\/ductus.global\/wp-content\/uploads\/2022\/09\/partnership.jpeg 1200w, https:\/\/ductus.global\/wp-content\/uploads\/2022\/09\/partnership-300x82.jpeg 300w, https:\/\/ductus.global\/wp-content\/uploads\/2022\/09\/partnership-1024x279.jpeg 1024w, https:\/\/ductus.global\/wp-content\/uploads\/2022\/09\/partnership-768x209.jpeg 768w, https:\/\/ductus.global\/wp-content\/uploads\/2022\/09\/partnership-170x46.jpeg 170w, https:\/\/ductus.global\/wp-content\/uploads\/2022\/09\/partnership-840x229.jpeg 840w\" sizes=\"(max-width: 1200px) 100vw, 1200px\" \/><div class=\"wp-block-cover__inner-container is-layout-constrained wp-block-cover-is-layout-constrained\">\n<h1 class=\"wp-block-heading has-text-align-center has-ductus-white-color has-text-color has-link-color wp-elements-77236c01160941cad584715cc6faf8a1\" id=\"h-partnerskap\" style=\"font-size:42px;font-style:normal;font-weight:600\">Partnerskap<\/h1>\n\n\n\n<div class=\"wp-block-group\"><div class=\"wp-block-group__inner-container is-layout-constrained wp-block-group-is-layout-constrained\">\n<p class=\"has-text-align-center\">Ductus samarbetar n\u00e4ra med ett antal strategiska partners f\u00f6r att leverera de b\u00e4sta m\u00f6jliga l\u00f6sningarna till v\u00e5ra kunder.<\/p>\n<\/div><\/div>\n<\/div><\/div>\n\n\n\n<div class=\"wp-block-group alignfull has-ductus-white-background-color has-background\"><div class=\"wp-block-group__inner-container is-layout-flow wp-block-group-is-layout-flow\">\n<div style=\"height:30px\" aria-hidden=\"true\" class=\"wp-block-spacer is-style-responsive-medium\"><\/div>\n\n\n\n<div class=\"wp-block-columns is-layout-flex wp-container-core-columns-is-layout-9d6595d7 wp-block-columns-is-layout-flex\">\n<div class=\"wp-block-column is-layout-flow wp-block-column-is-layout-flow\" style=\"flex-basis:20%\">\n<figure class=\"wp-block-image size-large is-resized\"><a href=\"https:\/\/www.cisco.com\/\"><img decoding=\"async\" width=\"479\" height=\"538\" src=\"https:\/\/ductus.global\/wp-content\/uploads\/2021\/07\/cisco-partner-logo.png\" alt=\"\" class=\"wp-image-14833\" style=\"object-fit:contain\" srcset=\"https:\/\/ductus.global\/wp-content\/uploads\/2021\/07\/cisco-partner-logo.png 479w, https:\/\/ductus.global\/wp-content\/uploads\/2021\/07\/cisco-partner-logo-267x300.png 267w, https:\/\/ductus.global\/wp-content\/uploads\/2021\/07\/cisco-partner-logo-45x50.png 45w, https:\/\/ductus.global\/wp-content\/uploads\/2021\/07\/cisco-partner-logo-393x441.png 393w\" sizes=\"(max-width: 479px) 100vw, 479px\" \/><\/a><\/figure>\n<\/div>\n\n\n\n<div class=\"wp-block-column is-layout-flow wp-block-column-is-layout-flow\" style=\"flex-basis:80%\">\n<h2 class=\"wp-block-heading has-text-align-left section-header text_contrast_bright_blue has-ductus-blue-color has-text-color\" id=\"h-cisco\">Cisco<\/h2>\n\n\n\n<p><a href=\"https:\/\/www.cisco.com\/\" target=\"_blank\" rel=\"noreferrer noopener\">Cisco<\/a> arbetar med att utveckla och s\u00e4lja ett brett utbud av teknologier inom n\u00e4tverk, s\u00e4kerhet, samarbete, applikationer och molntj\u00e4nster. Dess produkter och teknologier omfattar infrastrukturplattformar, applikationer, s\u00e4kerhetsl\u00f6sningar och andra produkter. F\u00f6retaget erbjuder \u00e4ven teknisk support och avancerade tj\u00e4nster.<\/p>\n\n\n\n<div style=\"height:60px\" aria-hidden=\"true\" class=\"wp-block-spacer is-style-responsive-medium\"><\/div>\n<\/div>\n<\/div>\n<\/div><\/div>\n\n\n\n<div class=\"wp-block-group alignfull has-gray-1-background-color has-background\"><div class=\"wp-block-group__inner-container is-layout-flow wp-block-group-is-layout-flow\">\n<div style=\"height:30px\" aria-hidden=\"true\" class=\"wp-block-spacer is-style-responsive-medium\"><\/div>\n\n\n\n<div class=\"wp-block-columns is-layout-flex wp-container-core-columns-is-layout-9d6595d7 wp-block-columns-is-layout-flex\">\n<div class=\"wp-block-column is-layout-flow wp-block-column-is-layout-flow\" style=\"flex-basis:20%\">\n<figure class=\"wp-block-image size-full is-resized\"><a href=\"https:\/\/microsoft.com\"><img decoding=\"async\" width=\"500\" height=\"261\" src=\"https:\/\/ductus.global\/wp-content\/uploads\/2025\/08\/Microsoft-solution-partner.png\" alt=\"\" class=\"wp-image-33850\" style=\"object-fit:cover\" srcset=\"https:\/\/ductus.global\/wp-content\/uploads\/2025\/08\/Microsoft-solution-partner.png 500w, https:\/\/ductus.global\/wp-content\/uploads\/2025\/08\/Microsoft-solution-partner-300x157.png 300w, https:\/\/ductus.global\/wp-content\/uploads\/2025\/08\/Microsoft-solution-partner-96x50.png 96w\" sizes=\"(max-width: 500px) 100vw, 500px\" \/><\/a><\/figure>\n<\/div>\n\n\n\n<div class=\"wp-block-column is-layout-flow wp-block-column-is-layout-flow\" style=\"flex-basis:80%\">\n<h2 class=\"wp-block-heading has-text-align-left section-header text_contrast_bright_blue has-ductus-blue-color has-text-color\" id=\"h-microsoft\">Microsoft<\/h2>\n\n\n\n<p>Ductus \u00e4r Microsoft Solutions Partner inom Modern Work \u2013 med fokus p\u00e5 att m\u00f6jligg\u00f6ra smartare samarbete och produktivitet. Som certifierad partner levererar vi arbetsplatstj\u00e4nster baserade p\u00e5 Microsoft 365, Teams, OneDrive och SharePoint. Med dokumenterad expertis och aff\u00e4rsresultat hj\u00e4lper v\u00e5rt team organisationer att modernisera sitt arbetss\u00e4tt, st\u00e4rka samarbetet och driva tillv\u00e4xt genom Microsoft-baserade l\u00f6sningar.<\/p>\n\n\n\n<div style=\"height:60px\" aria-hidden=\"true\" class=\"wp-block-spacer is-style-responsive-medium\"><\/div>\n<\/div>\n<\/div>\n<\/div><\/div>\n\n\n\n<div class=\"wp-block-group alignfull has-ductus-white-background-color has-background\"><div class=\"wp-block-group__inner-container is-layout-flow wp-block-group-is-layout-flow\">\n<div style=\"height:30px\" aria-hidden=\"true\" class=\"wp-block-spacer is-style-responsive-medium\"><\/div>\n\n\n\n<div class=\"wp-block-columns is-layout-flex wp-container-core-columns-is-layout-9d6595d7 wp-block-columns-is-layout-flex\">\n<div class=\"wp-block-column is-layout-flow wp-block-column-is-layout-flow\" style=\"flex-basis:20%\">\n<figure class=\"wp-block-image size-full is-resized\"><a href=\"https:\/\/www.optimizely.com\/\"><img decoding=\"async\" width=\"500\" height=\"500\" src=\"https:\/\/ductus.global\/wp-content\/uploads\/2025\/08\/Optimizely_2025_SolutionPartnerBadge_bronze.png\" alt=\"\" class=\"wp-image-33834\" style=\"object-fit:contain\" srcset=\"https:\/\/ductus.global\/wp-content\/uploads\/2025\/08\/Optimizely_2025_SolutionPartnerBadge_bronze.png 500w, https:\/\/ductus.global\/wp-content\/uploads\/2025\/08\/Optimizely_2025_SolutionPartnerBadge_bronze-300x300.png 300w, https:\/\/ductus.global\/wp-content\/uploads\/2025\/08\/Optimizely_2025_SolutionPartnerBadge_bronze-150x150.png 150w, https:\/\/ductus.global\/wp-content\/uploads\/2025\/08\/Optimizely_2025_SolutionPartnerBadge_bronze-50x50.png 50w, https:\/\/ductus.global\/wp-content\/uploads\/2025\/08\/Optimizely_2025_SolutionPartnerBadge_bronze-441x441.png 441w\" sizes=\"(max-width: 500px) 100vw, 500px\" \/><\/a><\/figure>\n<\/div>\n\n\n\n<div class=\"wp-block-column is-layout-flow wp-block-column-is-layout-flow\" style=\"flex-basis:80%\">\n<h2 class=\"wp-block-heading has-text-align-left section-header text_contrast_bright_blue has-ductus-blue-color has-text-color\" id=\"h-optimizely\">Optimizely<\/h2>\n\n\n\n<p>Ductus \u00e4r officiell Solution Partner och \u00e5terf\u00f6rs\u00e4ljare till <a href=\"https:\/\/www.optimizely.com\/\">Optimizely<\/a> \u2013 en ledande plattform f\u00f6r digitala upplevelser. Vi har ett erfaret team med djup kompetens inom Optimizelys l\u00f6sningar och hj\u00e4lper v\u00e5ra kunder att skapa, optimera och hantera digitala upplevelser som driver tillv\u00e4xt.<\/p>\n\n\n\n<div style=\"height:60px\" aria-hidden=\"true\" class=\"wp-block-spacer is-style-responsive-medium\"><\/div>\n<\/div>\n<\/div>\n<\/div><\/div>\n\n\n\n<div class=\"wp-block-group alignfull has-gray-1-background-color has-background\"><div class=\"wp-block-group__inner-container is-layout-flow wp-block-group-is-layout-flow\">\n<div style=\"height:30px\" aria-hidden=\"true\" class=\"wp-block-spacer is-style-responsive-medium\"><\/div>\n\n\n\n<div class=\"wp-block-columns is-layout-flex wp-container-core-columns-is-layout-9d6595d7 wp-block-columns-is-layout-flex\">\n<div class=\"wp-block-column is-layout-flow wp-block-column-is-layout-flow\" style=\"flex-basis:20%\">\n<figure class=\"wp-block-image size-large is-resized\"><a href=\"https:\/\/curity.io\/\"><img decoding=\"async\" width=\"700\" height=\"322\" src=\"https:\/\/ductus.global\/wp-content\/uploads\/2021\/07\/curity-logo-portrait.png\" alt=\"\" class=\"wp-image-14842\" style=\"object-fit:contain\" srcset=\"https:\/\/ductus.global\/wp-content\/uploads\/2021\/07\/curity-logo-portrait.png 700w, https:\/\/ductus.global\/wp-content\/uploads\/2021\/07\/curity-logo-portrait-300x138.png 300w, https:\/\/ductus.global\/wp-content\/uploads\/2021\/07\/curity-logo-portrait-109x50.png 109w\" sizes=\"(max-width: 700px) 100vw, 700px\" \/><\/a><\/figure>\n<\/div>\n\n\n\n<div class=\"wp-block-column is-layout-flow wp-block-column-is-layout-flow\" style=\"flex-basis:80%\">\n<h2 class=\"wp-block-heading has-text-align-left section-header text_contrast_bright_blue has-ductus-blue-color has-text-color has-link-color wp-elements-f56753ed3c479fc623ac354d0dc2a5eb\" id=\"h-curity\"><span class=\"tadv-color\">Curity<\/span><\/h2>\n\n\n\n<p><a href=\"https:\/\/curity.io\/\" target=\"_blank\" rel=\"noreferrer noopener\">Curity<\/a> Identity Server \u00e4r v\u00e4rldens mest kraftfulla OAuth- och OpenID Connect-server. Den anv\u00e4nds f\u00f6r inloggning och f\u00f6r att s\u00e4kra miljontals anv\u00e4ndares \u00e5tkomst till webb- och mobilappar via API:er och mikrotj\u00e4nster. Produkten \u00e4r byggd p\u00e5 \u00f6ppna standarder och utformad f\u00f6r utveckling och drift. F\u00f6retaget betj\u00e4nar finanssektorn, telekom, detaljhandel, energi och offentlig sektor. L\u00e4s mer om hur vi kan hj\u00e4lpa dig att <a href=\"https:\/\/ductus.global\/sv\/secure-your-digital-services\/\">s\u00e4kra dina digitala tj\u00e4nster<\/a>.<\/p>\n\n\n\n<div style=\"height:30px\" aria-hidden=\"true\" class=\"wp-block-spacer is-style-responsive-medium\"><\/div>\n<\/div>\n<\/div>\n\n\n\n<div style=\"height:100px\" aria-hidden=\"true\" class=\"wp-block-spacer\"><\/div>\n<\/div><\/div>\n","protected":false},"excerpt":{"rendered":"<p>Cisco Cisco arbetar med att utveckla och s\u00e4lja ett brett utbud av teknologier inom n\u00e4tverk, s\u00e4kerhet, samarbete, applikationer och molntj\u00e4nster. Dess produkter och teknologier omfattar infrastrukturplattformar, applikationer, s\u00e4kerhetsl\u00f6sningar och andra produkter. F\u00f6retaget erbjuder \u00e4ven teknisk support och avancerade tj\u00e4nster. Microsoft Ductus \u00e4r Microsoft Solutions Partner inom Modern Work \u2013 med fokus p\u00e5 att m\u00f6jligg\u00f6ra smartare [&hellip;]<\/p>\n","protected":false},"author":3,"featured_media":31613,"parent":0,"menu_order":0,"comment_status":"closed","ping_status":"closed","template":"","meta":{"_acf_changed":false,"footnotes":""},"class_list":["post-15833","page","type-page","status-publish","has-post-thumbnail","hentry"],"acf":[],"_links":{"self":[{"href":"https:\/\/ductus.global\/sv\/wp-json\/wp\/v2\/pages\/15833","targetHints":{"allow":["GET"]}}],"collection":[{"href":"https:\/\/ductus.global\/sv\/wp-json\/wp\/v2\/pages"}],"about":[{"href":"https:\/\/ductus.global\/sv\/wp-json\/wp\/v2\/types\/page"}],"author":[{"embeddable":true,"href":"https:\/\/ductus.global\/sv\/wp-json\/wp\/v2\/users\/3"}],"replies":[{"embeddable":true,"href":"https:\/\/ductus.global\/sv\/wp-json\/wp\/v2\/comments?post=15833"}],"version-history":[{"count":35,"href":"https:\/\/ductus.global\/sv\/wp-json\/wp\/v2\/pages\/15833\/revisions"}],"predecessor-version":[{"id":33956,"href":"https:\/\/ductus.global\/sv\/wp-json\/wp\/v2\/pages\/15833\/revisions\/33956"}],"wp:featuredmedia":[{"embeddable":true,"href":"https:\/\/ductus.global\/sv\/wp-json\/wp\/v2\/media\/31613"}],"wp:attachment":[{"href":"https:\/\/ductus.global\/sv\/wp-json\/wp\/v2\/media?parent=15833"}],"curies":[{"name":"wp","href":"https:\/\/api.w.org\/{rel}","templated":true}]}}