{"id":15831,"date":"2017-08-28T13:03:25","date_gmt":"2017-08-28T12:03:25","guid":{"rendered":"https:\/\/stage.dataductus.com\/?page_id=15831"},"modified":"2026-02-27T16:33:06","modified_gmt":"2026-02-27T15:33:06","slug":"kontakta-oss","status":"publish","type":"page","link":"https:\/\/ductus.global\/sv\/kontakta-oss\/","title":{"rendered":"Kontakta oss"},"content":{"rendered":"\n<div style=\"height:30px\" aria-hidden=\"true\" class=\"wp-block-spacer\"><\/div>\n\n\n\n<div class=\"wp-block-columns is-layout-flex wp-container-core-columns-is-layout-9d6595d7 wp-block-columns-is-layout-flex\">\n<div class=\"wp-block-column is-layout-flow wp-block-column-is-layout-flow\"><div class=\"cta-button wp-block-button ductus-cta-block alignright\">\n\t<div class=\"wp-block-button\"><a href=\"https:\/\/ductus.global\/formpage?d=Zm9ybT0yJnRpdGxlPUJ1c2luZXNzIGlucXVpcmllcyZidXR0b25fdGV4dD1BZmbDpHJzZsO2cmZyw6VnbmluZ2FyJmJ1dHRvbl9jbGFzcz1oYXMtZHVjdHVzLWdyZWVuLWJhY2tncm91bmQtY29sb3IgbWQmcmVzcG9uc2libGUmcmVkaXJlY3RfdXJsJnNlbmRfdXJsPWh0dHBzOi8vZHVjdHVzLmdsb2JhbC9zdi93cC1qc29uL3dwL3YyL3BhZ2VzLzE1ODMxLyZyZWdpb249S29udGFrdGEgb3Nz\" role=\"button\" title=\"Aff\u00e4rsf\u00f6rfr\u00e5gningar\" target=\"_blank\" class=\"ductus-btn-angle has-ductus-green-background-color md\"  data-gtmtrack=\"true\" data-trackelement=\"form-button\" data-trackvalue=\"Aff\u00e4rsf\u00f6rfr\u00e5gningar\">Aff\u00e4rsf\u00f6rfr\u00e5gningar<\/a><\/div><\/div>\n<\/div>\n\n\n\n<div class=\"wp-block-column is-layout-flow wp-block-column-is-layout-flow\"><div class=\"cta-button wp-block-button ductus-cta-block alignleft\">\n\t\t\t<a href=\"\/careers\/#job-openings\" title=\"Job Opportunities\" \t\t\t\tclass=\"ductus-btn-angle has-ductus-orange-background-color md\"\n\t\t\t\tdata-gtmtrack=\"true\" data-trackelement=\"call-to-action\"\n\t\t\t\tdata-trackvalue=\"Jobbm\u00f6jligheter\">Jobbm\u00f6jligheter<\/a>\n\t\t<\/div>\n<\/div>\n<\/div>\n\n\n\n<div class=\"wp-block-group alignfull\"><div class=\"wp-block-group__inner-container is-layout-flow wp-block-group-is-layout-flow\">\n<div style=\"height:50px\" aria-hidden=\"true\" class=\"wp-block-spacer\"><\/div>\n\n\n\n<h2 class=\"wp-block-heading has-text-align-center\" id=\"h-vara-kontor\"><span class=\"tadv-color\">V\u00e5ra kontor<\/span><\/h2>\n\n\n<div class=\"wp-block-image\">\n<figure class=\"aligncenter size-large is-resized\"><img decoding=\"async\" width=\"1024\" height=\"607\" src=\"https:\/\/ductus.global\/wp-content\/uploads\/2024\/11\/ductus-map-1024x607.png\" alt=\"\" class=\"wp-image-32695\" style=\"width:800px\" srcset=\"https:\/\/ductus.global\/wp-content\/uploads\/2024\/11\/ductus-map-1024x607.png 1024w, https:\/\/ductus.global\/wp-content\/uploads\/2024\/11\/ductus-map-300x178.png 300w, https:\/\/ductus.global\/wp-content\/uploads\/2024\/11\/ductus-map-768x455.png 768w, https:\/\/ductus.global\/wp-content\/uploads\/2024\/11\/ductus-map-84x50.png 84w, https:\/\/ductus.global\/wp-content\/uploads\/2024\/11\/ductus-map-744x441.png 744w, https:\/\/ductus.global\/wp-content\/uploads\/2024\/11\/ductus-map.png 1350w\" sizes=\"(max-width: 1024px) 100vw, 1024px\" \/><\/figure>\n<\/div>\n\n\n<div class=\"wp-block-group\"><div class=\"wp-block-group__inner-container is-layout-constrained wp-block-group-is-layout-constrained\">\n<div class=\"wp-block-columns is-layout-flex wp-container-core-columns-is-layout-9d6595d7 wp-block-columns-is-layout-flex\">\n<div class=\"wp-block-column is-layout-flow wp-block-column-is-layout-flow\">\n<h4 class=\"wp-block-heading\" id=\"h-boston\"><strong>Boston<\/strong><\/h4>\n\n\n\n<p class=\"has-small-font-size\">2 Clock Tower Place, Suite 650<br>Maynard, MA 01754<br>USA<br>+1 720 759 4436<\/p>\n<\/div>\n\n\n\n<div class=\"wp-block-column is-layout-flow wp-block-column-is-layout-flow\">\n<h4 class=\"wp-block-heading\" id=\"h-dallas\"><strong>Dallas<\/strong><\/h4>\n\n\n\n<p class=\"has-small-font-size\">1301 Central Expressway South<br>Suite 210<br>Allen, TX 75013-8062<br>USA<br>+1 720 759 4436<\/p>\n<\/div>\n\n\n\n<div class=\"wp-block-column is-layout-flow wp-block-column-is-layout-flow\">\n<h4 class=\"wp-block-heading\" id=\"h-longmont-nbsp-us-hq\"><strong>Longmont<\/strong><em>&nbsp;<\/em>(US HQ)<\/h4>\n\n\n\n<p class=\"has-small-font-size\">436 Coffman Street, Suite 200<br>Longmont, CO 80501<br>USA<br>+1 720 759 4436<\/p>\n<\/div>\n\n\n\n<div class=\"wp-block-column is-layout-flow wp-block-column-is-layout-flow\">\n<h4 class=\"wp-block-heading\" id=\"h-kiruna\"><strong>Kiruna<\/strong><\/h4>\n\n\n\n<p class=\"has-small-font-size\">Industriv\u00e4gen 3A<br>981 38 Kiruna<br>Sweden<br>+46 (910) 73 23 00<\/p>\n<\/div>\n<\/div>\n\n\n\n<div class=\"wp-block-columns is-layout-flex wp-container-core-columns-is-layout-9d6595d7 wp-block-columns-is-layout-flex\">\n<div class=\"wp-block-column is-layout-flow wp-block-column-is-layout-flow\">\n<h4 class=\"wp-block-heading has-ductus-turquoise-color has-text-color\" id=\"h-lulea\"><strong><a href=\"https:\/\/ductus.global\/sv\/lulea\/\">Lule\u00e5<\/a><\/strong><\/h4>\n\n\n\n<p class=\"has-small-font-size\">V\u00e4stra Varvsgatan 3<br>972 36 Lule\u00e5<br>Sweden<br>+46 92 021 18 00<\/p>\n<\/div>\n\n\n\n<div class=\"wp-block-column is-layout-flow wp-block-column-is-layout-flow\">\n<h4 class=\"wp-block-heading\" id=\"h-malmo\"><strong><a href=\"https:\/\/ductus.global\/sv\/malmo\/\">Malm\u00f6<\/a><\/strong><\/h4>\n\n\n\n<p class=\"has-small-font-size\">Grynbodgatan 3<br>211 33 Malm\u00f6<br>Sweden<br>+46 (40) 643 07 80<\/p>\n<\/div>\n\n\n\n<div class=\"wp-block-column is-layout-flow wp-block-column-is-layout-flow\">\n<h4 class=\"wp-block-heading\" id=\"h-ostersund\"><strong>\u00d6stersund<\/strong><\/h4>\n\n\n\n<p class=\"has-small-font-size\">Kunskapens v\u00e4g 6<br>83140 \u00d6stersund<br>Sweden<br>+46 (0) 63 330 70<\/p>\n<\/div>\n\n\n\n<div class=\"wp-block-column is-layout-flow wp-block-column-is-layout-flow\">\n<h4 class=\"wp-block-heading\" id=\"h-singapore-nbsp-asia-hq\"><strong>Singapore<em>&nbsp;<\/em><\/strong>(Asia HQ)<\/h4>\n\n\n\n<p class=\"has-small-font-size\">260 Orchard Road, #07-01<br>The Heeren<br>Singapore 238855<br>REPUBLIC OF SINGAPORE<br>+ 65 8296 2834<\/p>\n<\/div>\n<\/div>\n\n\n\n<div class=\"wp-block-columns is-layout-flex wp-container-core-columns-is-layout-9d6595d7 wp-block-columns-is-layout-flex\">\n<div class=\"wp-block-column is-layout-flow wp-block-column-is-layout-flow\">\n<h4 class=\"wp-block-heading\" id=\"h-skelleftea-nbsp-corporate-hq\"><a href=\"https:\/\/ductus.global\/sv\/skelleftea\/\"><strong>Skellefte\u00e5<\/strong>&nbsp;(Corporate HQ)<\/a><\/h4>\n\n\n\n<p class=\"has-small-font-size\">Torggatan 24<br>931 31 Skellefte\u00e5<br>Sweden<br>+46 (910) 73 23 00<\/p>\n<\/div>\n\n\n\n<div class=\"wp-block-column is-layout-flow wp-block-column-is-layout-flow\">\n<h4 class=\"wp-block-heading\" id=\"h-stockholm\"><strong><a href=\"https:\/\/ductus.global\/sv\/stockholm\/\">Stockholm<\/a><\/strong><\/h4>\n\n\n\n<p class=\"has-small-font-size\">Gamla Brogatan 34<br>111 20 Stockholm<br>Sweden<br>+46 (910) 73 23 00<\/p>\n<\/div>\n\n\n\n<div class=\"wp-block-column is-layout-flow wp-block-column-is-layout-flow\">\n<h4 class=\"wp-block-heading\" id=\"h-uppsala\"><strong><a href=\"https:\/\/ductus.global\/sv\/uppsala\/\">Uppsala<\/a><\/strong><\/h4>\n\n\n\n<p class=\"has-small-font-size\">Kungs\u00e4ngsgatan 5A<br>753 22 Uppsala<br>Sweden<br>+46 (18) 14 45 50<\/p>\n<\/div>\n\n\n\n<div class=\"wp-block-column is-layout-flow wp-block-column-is-layout-flow\">\n<h4 class=\"wp-block-heading\" id=\"h-\"><\/h4>\n<\/div>\n<\/div>\n<\/div><\/div>\n\n\n\n<p class=\"has-text-align-center\">Om din organisation har ett supportavtal med Ductus:&nbsp;<a href=\"https:\/\/ductus.global\/sv\/support\/\">Klicka h\u00e4r.<\/a><\/p>\n\n\n\n<div style=\"height:50px\" aria-hidden=\"true\" class=\"wp-block-spacer\"><\/div>\n<\/div><\/div>\n\n\n\n<div class=\"wp-block-group alignfull has-d-mocha-light-background-color has-background\"><div class=\"wp-block-group__inner-container is-layout-flow wp-block-group-is-layout-flow\">\n<div style=\"height:150px\" aria-hidden=\"true\" class=\"wp-block-spacer is-style-responsive-small\"><\/div>\n\n\n\n<h2 class=\"wp-block-heading has-text-align-center has-ductus-blue-color has-text-color has-link-color wp-elements-7ec181f4e21bd4cd0b4aca6fbac27abb\" id=\"h-kom-i-kontakt-med-vara-saljare\">Kom i kontakt med v\u00e5ra s\u00e4ljare<\/h2>\n\n\n\n<p><strong>IT-konsulter och IT-tj\u00e4nster<\/strong><br>Skellefte\u00e5: Hendrik Hj\u00e4rtberg, 070-247 68 58<br>Uppsala: Markus Olsson, 070-917 83 39<br>Lule\u00e5: Olov Stenberg, 070-420 02 80<br>Malm\u00f6: Anders Essner, 070-513 56 19<\/p>\n\n\n\n<p><strong>N\u00e4tverksautomation<\/strong><br>EMEA\/APAC: Peter Sallenhag, 070-571 05 82<br>USA: Johan Backman, +1 (303) 332 98 06<\/p>\n\n\n\n<div style=\"height:150px\" aria-hidden=\"true\" class=\"wp-block-spacer is-style-responsive-medium\"><\/div>\n<\/div><\/div>\n","protected":false},"excerpt":{"rendered":"<p>V\u00e5ra kontor Boston 2 Clock Tower Place, Suite 650Maynard, MA 01754USA+1 720 759 4436 Dallas 1301 Central Expressway SouthSuite 210Allen, TX 75013-8062USA+1 720 759 4436 Longmont&nbsp;(US HQ) 436 Coffman Street, Suite 200Longmont, CO 80501USA+1 720 759 4436 Kiruna Industriv\u00e4gen 3A981 38 KirunaSweden+46 (910) 73 23 00 Lule\u00e5 V\u00e4stra Varvsgatan 3972 36 Lule\u00e5Sweden+46 92 021 18 [&hellip;]<\/p>\n","protected":false},"author":1,"featured_media":0,"parent":0,"menu_order":64,"comment_status":"closed","ping_status":"closed","template":"","meta":{"_acf_changed":false,"footnotes":""},"class_list":["post-15831","page","type-page","status-publish","hentry"],"acf":[],"_links":{"self":[{"href":"https:\/\/ductus.global\/sv\/wp-json\/wp\/v2\/pages\/15831","targetHints":{"allow":["GET"]}}],"collection":[{"href":"https:\/\/ductus.global\/sv\/wp-json\/wp\/v2\/pages"}],"about":[{"href":"https:\/\/ductus.global\/sv\/wp-json\/wp\/v2\/types\/page"}],"author":[{"embeddable":true,"href":"https:\/\/ductus.global\/sv\/wp-json\/wp\/v2\/users\/1"}],"replies":[{"embeddable":true,"href":"https:\/\/ductus.global\/sv\/wp-json\/wp\/v2\/comments?post=15831"}],"version-history":[{"count":17,"href":"https:\/\/ductus.global\/sv\/wp-json\/wp\/v2\/pages\/15831\/revisions"}],"predecessor-version":[{"id":34339,"href":"https:\/\/ductus.global\/sv\/wp-json\/wp\/v2\/pages\/15831\/revisions\/34339"}],"wp:attachment":[{"href":"https:\/\/ductus.global\/sv\/wp-json\/wp\/v2\/media?parent=15831"}],"curies":[{"name":"wp","href":"https:\/\/api.w.org\/{rel}","templated":true}]}}