{"id":15799,"date":"2017-08-28T13:03:11","date_gmt":"2017-08-28T12:03:11","guid":{"rendered":"https:\/\/stage.dataductus.com\/?page_id=15799"},"modified":"2025-01-21T11:42:52","modified_gmt":"2025-01-21T10:42:52","slug":"news","status":"publish","type":"page","link":"https:\/\/ductus.global\/sv\/news\/","title":{"rendered":"Nyheter"},"content":{"rendered":"\n<div style=\"height:100px\" aria-hidden=\"true\" class=\"wp-block-spacer is-style-responsive-small\"><\/div>\n\n\n\n<div class=\"wp-block-group\"><div class=\"wp-block-group__inner-container is-layout-flow wp-block-group-is-layout-flow\">\n<section id=\"post-grid-block_0a66c268364d3b87e911bddc25ada9bd\" class=\"post-grid aligncenter template-0\">\n\t<div class=\"inner-grid columns-3\">\n\t\t\n\t\t\t\t                \n\n<div class=\"grid-item post span-columns span-3-columns\">\n\t<a href=\"https:\/\/ductus.global\/sv\/mot-lisa-som-tog-steget-fran-ui-ux-till-systemutveckling\/\" class=\"block-link\" title=\"M\u00f6t Lisa som tog steget fr\u00e5n UI\/UX till systemutveckling\">\n        \t\t<figura class=\"grid-item-image\">\n            <img decoding=\"async\" src=\"https:\/\/ductus.global\/wp-content\/uploads\/2026\/04\/Lisa-1920x1920.jpg\" alt=\"M\u00f6t Lisa som tog steget fr\u00e5n UI\/UX till systemutveckling\">\n        <\/figura>\n                        <span class=\"date-info has-text-color has-ductus-orange-color\" ><span class=\"category-name last-cat\">Women in Tech <\/span>&nbsp;|&nbsp;<span class=\"date\">apr 27 2026 <\/span><\/span>\n        \t\t<div class=\"inner\">\n\t\t\t<span class=\"item-title alt-heading-font\">M\u00f6t Lisa som tog steget fr\u00e5n UI\/UX till systemutveckling<\/span>\n\t\t\t<p class=\"item-text\">Lisa Wedin hade aldrig planerat att bli utvecklare. Men n\u00e4r hon p\u00e5 n\u00e4ra h\u00e5ll fick se vad programmering faktiskt inneb\u00e4r best\u00e4mde hon sig, hoppade p\u00e5 en utbildning mitt under pandemin och bytte karri\u00e4r. I dag \u00e4r hon&#8230;<\/p>\n\t\t<\/div>\n\t<\/a>\n<\/div>\n\t\t\t    \t\t\t\n\t\t\t\t\n\n<div class=\"grid-item post \">\n\t<a href=\"https:\/\/ductus.global\/sv\/koden-kollegorna-och-catullus\/\" class=\"block-link\" title=\"Koden, kollegorna och Catullus\">\n        \t\t<figura class=\"grid-item-image\">\n            <img decoding=\"async\" src=\"https:\/\/ductus.global\/wp-content\/uploads\/2026\/02\/Carl-Inberg-header-441x441.jpg\" alt=\"Koden, kollegorna och Catullus\">\n        <\/figura>\n                        <span class=\"date-info has-text-color has-ductus-orange-color\" ><span class=\"category-name last-cat\">Ductus Stories <\/span>&nbsp;|&nbsp;<span class=\"date\">feb 27 2026 <\/span><\/span>\n        \t\t<div class=\"inner\">\n\t\t\t<span class=\"item-title alt-heading-font\">Koden, kollegorna och Catullus<\/span>\n\t\t\t<p class=\"item-text\">Carl Inberg b\u00f6rjade sin karri\u00e4r inom spelutveckling, men jobbar idag som mjukvaruutvecklare med en specialistroll&#8230;<\/p>\n\t\t<\/div>\n\t<\/a>\n<\/div>\n\t\t\t\t\t\t\n\t\t\t\t\n\n<div class=\"grid-item post \">\n\t<a href=\"https:\/\/ductus.global\/sv\/med-nyfiken-oppenhet-som-kompass\/\" class=\"block-link\" title=\"Med nyfiken \u00f6ppenhet som kompass\">\n        \t\t<figura class=\"grid-item-image\">\n            <img decoding=\"async\" src=\"https:\/\/ductus.global\/wp-content\/uploads\/2025\/12\/Jonathan-Grundin-preview-706x441.jpg\" alt=\"Med nyfiken \u00f6ppenhet som kompass\">\n        <\/figura>\n                        <span class=\"date-info has-text-color has-ductus-orange-color\" ><span class=\"category-name last-cat\">Ductus Stories <\/span>&nbsp;|&nbsp;<span class=\"date\">dec 17 2025 <\/span><\/span>\n        \t\t<div class=\"inner\">\n\t\t\t<span class=\"item-title alt-heading-font\">Med nyfiken \u00f6ppenhet som kompass<\/span>\n\t\t\t<p class=\"item-text\">Direkt efter examensarbetet i Karlstad flyttade Jonathan Grundin till Skellefte\u00e5 \u2013 lockad av riktiga vintrar,&#8230;<\/p>\n\t\t<\/div>\n\t<\/a>\n<\/div>\n\t\t\t\t\t\t\n\t\t\t\t\n\n<div class=\"grid-item post \">\n\t<a href=\"https:\/\/ductus.global\/sv\/mot-martina-projektledare-som-skapar-struktur-och-trygghet-i-komplexa-it-projekt\/\" class=\"block-link\" title=\"M\u00f6t Martina, projektledare som skapar struktur och trygghet i komplexa IT-projekt\">\n        \t\t<figura class=\"grid-item-image\">\n            <img decoding=\"async\" src=\"https:\/\/ductus.global\/wp-content\/uploads\/2025\/10\/Martina-profile-441x441.jpg\" alt=\"M\u00f6t Martina, projektledare som skapar struktur och trygghet i komplexa IT-projekt\">\n        <\/figura>\n                        <span class=\"date-info has-text-color has-ductus-orange-color\" ><span class=\"category-name last-cat\">Women in Tech <\/span>&nbsp;|&nbsp;<span class=\"date\">okt 24 2025 <\/span><\/span>\n        \t\t<div class=\"inner\">\n\t\t\t<span class=\"item-title alt-heading-font\">M\u00f6t Martina, projektledare som skapar struktur och trygghet i komplexa IT-projekt<\/span>\n\t\t\t<p class=\"item-text\">Att leda komplexa IT-projekt kr\u00e4ver struktur, lyh\u00f6rdhet och en f\u00f6rm\u00e5ga att f\u00e5 m\u00e4nniskor att dra \u00e5t samma h\u00e5ll&#8230;.<\/p>\n\t\t<\/div>\n\t<\/a>\n<\/div>\n\t\t\t\t\t\t\n\t\t\t\t\n\n<div class=\"grid-item post \">\n\t<a href=\"https:\/\/ductus.global\/sv\/victor-fann-sin-vag-fran-gymnasiet-till-systemutvecklare\/\" class=\"block-link\" title=\"Victor fann sin v\u00e4g \u2013 fr\u00e5n gymnasiet till systemutvecklare\">\n        \t\t<figura class=\"grid-item-image\">\n            <img decoding=\"async\" src=\"https:\/\/ductus.global\/wp-content\/uploads\/2025\/10\/Victor-Forsgren-preview-706x441.jpg\" alt=\"Victor fann sin v\u00e4g \u2013 fr\u00e5n gymnasiet till systemutvecklare\">\n        <\/figura>\n                        <span class=\"date-info has-text-color has-ductus-orange-color\" ><span class=\"category-name last-cat\">Ductus Stories <\/span>&nbsp;|&nbsp;<span class=\"date\">okt 10 2025 <\/span><\/span>\n        \t\t<div class=\"inner\">\n\t\t\t<span class=\"item-title alt-heading-font\">Victor fann sin v\u00e4g \u2013 fr\u00e5n gymnasiet till systemutvecklare<\/span>\n\t\t\t<p class=\"item-text\">N\u00e4r Victor Forsgren var f\u00e4rdig med gymnasiet stod han inf\u00f6r ett v\u00e4gval. Universitetet lockade, men en kv\u00e4ll&#8230;<\/p>\n\t\t<\/div>\n\t<\/a>\n<\/div>\n\t\t\t\t\t\t\n\t\t\t\t\n\n<div class=\"grid-item post \">\n\t<a href=\"https:\/\/ductus.global\/sv\/the-real-network-automation-edge-continuous-learning-for-faster-safer-smarter-outcomes\/\" class=\"block-link\" title=\"The Real Network Automation Edge: Continuous Learning for Faster, Safer, Smarter Outcomes\">\n        \t\t<figura class=\"grid-item-image\">\n            <img decoding=\"async\" src=\"https:\/\/ductus.global\/wp-content\/uploads\/2025\/09\/image-764x441.jpg\" alt=\"The Real Network Automation Edge: Continuous Learning for Faster, Safer, Smarter Outcomes\">\n        <\/figura>\n                        <span class=\"date-info has-text-color has-ductus-orange-color\" ><span class=\"category-name last-cat\">Insight <\/span>&nbsp;|&nbsp;<span class=\"date\">sep 4 2025 <\/span><\/span>\n        \t\t<div class=\"inner\">\n\t\t\t<span class=\"item-title alt-heading-font\">The Real Network Automation Edge: Continuous Learning for Faster, Safer, Smarter Outcomes<\/span>\n\t\t\t<p class=\"item-text\">Most automation partners deliver workshops. Few bring the compounded expertise needed to deliver real change \u2014&#8230;<\/p>\n\t\t<\/div>\n\t<\/a>\n<\/div>\n\t\t\t\t\t\t\n\t\t\t\t\n\n<div class=\"grid-item news \">\n\t<a href=\"https:\/\/ductus.global\/sv\/news\/ductus-starker-samarbetet-med-optimizely-ar-nu-officiell-solution-partner\/\" class=\"block-link\" title=\"Ductus st\u00e4rker samarbetet med Optimizely \u2013 \u00e4r nu officiell Solution Partner\">\n        \t\t<figura class=\"grid-item-image\">\n            <img decoding=\"async\" src=\"https:\/\/ductus.global\/wp-content\/uploads\/2025\/08\/Optimizely-preview-836x441.png\" alt=\"Ductus st\u00e4rker samarbetet med Optimizely \u2013 \u00e4r nu officiell Solution Partner\">\n        <\/figura>\n                        <span class=\"date-info has-text-color has-ductus-orange-color\" ><span class=\"category-name last-cat\">Pressmeddelande <\/span>&nbsp;|&nbsp;<span class=\"date\">aug 25 2025 <\/span><\/span>\n        \t\t<div class=\"inner\">\n\t\t\t<span class=\"item-title alt-heading-font\">Ductus st\u00e4rker samarbetet med Optimizely \u2013 \u00e4r nu officiell Solution Partner<\/span>\n\t\t\t<p class=\"item-text\">It\u2011konsultbolaget Ductus \u00e4r nu officiell Solution Partner och \u00e5terf\u00f6rs\u00e4ljare till Optimizely. Partnerskapet g\u00f6r&#8230;<\/p>\n\t\t<\/div>\n\t<\/a>\n<\/div>\n\t\t\t\t\t\t\n\t\t\t\t\n\n<div class=\"grid-item post \">\n\t<a href=\"https:\/\/ductus.global\/sv\/mot-gunilla-bid-manager-pa-ductus-som-trivs-i-granslandet-mellan-affar-och-teknik\/\" class=\"block-link\" title=\"M\u00f6t Gunilla, Bid Manager p\u00e5 Ductus som trivs i gr\u00e4nslandet mellan aff\u00e4r och teknik\">\n        \t\t<figura class=\"grid-item-image\">\n            <img decoding=\"async\" src=\"https:\/\/ductus.global\/wp-content\/uploads\/2025\/06\/Gunilla-avatar-441x441.jpg\" alt=\"M\u00f6t Gunilla, Bid Manager p\u00e5 Ductus som trivs i gr\u00e4nslandet mellan aff\u00e4r och teknik\">\n        <\/figura>\n                        <span class=\"date-info has-text-color has-ductus-orange-color\" ><span class=\"category-name last-cat\">Women in Tech <\/span>&nbsp;|&nbsp;<span class=\"date\">jun 27 2025 <\/span><\/span>\n        \t\t<div class=\"inner\">\n\t\t\t<span class=\"item-title alt-heading-font\">M\u00f6t Gunilla, Bid Manager p\u00e5 Ductus som trivs i gr\u00e4nslandet mellan aff\u00e4r och teknik<\/span>\n\t\t\t<p class=\"item-text\">Gunilla hade aldrig t\u00e4nkt sig en karri\u00e4r inom tech. Men n\u00e4r hon uppt\u00e4ckte Ductus \u2013 och ins\u00e5g att hennes&#8230;<\/p>\n\t\t<\/div>\n\t<\/a>\n<\/div>\n\t\t\t\t\t\t\n\t\t\t\t\n\n<div class=\"grid-item post \">\n\t<a href=\"https:\/\/ductus.global\/sv\/a-blueprint-for-network-automation-designing-scalable-secure-and-maintainable-architectures\/\" class=\"block-link\" title=\"A Blueprint for Network Automation: Designing Scalable, Secure, and Maintainable Architectures\">\n        \t\t<figura class=\"grid-item-image\">\n            <img decoding=\"async\" src=\"https:\/\/ductus.global\/wp-content\/uploads\/2025\/05\/Blueprint-795x441.jpg\" alt=\"A Blueprint for Network Automation: Designing Scalable, Secure, and Maintainable Architectures\">\n        <\/figura>\n                        <span class=\"date-info has-text-color has-ductus-orange-color\" ><span class=\"category-name last-cat\">Insight <\/span>&nbsp;|&nbsp;<span class=\"date\">maj 19 2025 <\/span><\/span>\n        \t\t<div class=\"inner\">\n\t\t\t<span class=\"item-title alt-heading-font\">A Blueprint for Network Automation: Designing Scalable, Secure, and Maintainable Architectures<\/span>\n\t\t\t<p class=\"item-text\">Network automation isn\u2019t just about speed \u2014 it\u2019s about strategy. For large enterprises and service providers,&#8230;<\/p>\n\t\t<\/div>\n\t<\/a>\n<\/div>\n\t\t\t\t\t\t\n\t\t\t\t\n\n<div class=\"grid-item post \">\n\t<a href=\"https:\/\/ductus.global\/sv\/mot-stina-olofsson-ux-designer-och-friluftsentusiast\/\" class=\"block-link\" title=\"M\u00f6t Stina \u2013 UX-designer och friluftsentusiast\">\n        \t\t<figura class=\"grid-item-image\">\n            <img decoding=\"async\" src=\"https:\/\/ductus.global\/wp-content\/uploads\/2025\/05\/Stina-Olofsson-WiT-441x441.jpg\" alt=\"M\u00f6t Stina \u2013 UX-designer och friluftsentusiast\">\n        <\/figura>\n                        <span class=\"date-info has-text-color has-ductus-orange-color\" ><span class=\"category-name last-cat\">Women in Tech <\/span>&nbsp;|&nbsp;<span class=\"date\">maj 16 2025 <\/span><\/span>\n        \t\t<div class=\"inner\">\n\t\t\t<span class=\"item-title alt-heading-font\">M\u00f6t Stina \u2013 UX-designer och friluftsentusiast<\/span>\n\t\t\t<p class=\"item-text\">N\u00e4r jag var yngre var jag alltid intresserad av att skapa saker, men hade inget intresse f\u00f6r teknik. Faktum \u00e4r att&#8230;<\/p>\n\t\t<\/div>\n\t<\/a>\n<\/div>\n\t\t\t\t\t\t\n\t\t\t\t\n\n<div class=\"grid-item post \">\n\t<a href=\"https:\/\/ductus.global\/sv\/assurance-the-business-critical-foundation-for-network-automation\/\" class=\"block-link\" title=\"Assurance: The Business-Critical Foundation for Network Automation\">\n        \t\t<figura class=\"grid-item-image\">\n            <img decoding=\"async\" src=\"https:\/\/ductus.global\/wp-content\/uploads\/2025\/05\/Assurance-insight-header-836x441.jpg\" alt=\"Assurance: The Business-Critical Foundation for Network Automation\">\n        <\/figura>\n                        <span class=\"date-info has-text-color has-ductus-orange-color\" ><span class=\"category-name last-cat\">Insight <\/span>&nbsp;|&nbsp;<span class=\"date\">maj 15 2025 <\/span><\/span>\n        \t\t<div class=\"inner\">\n\t\t\t<span class=\"item-title alt-heading-font\">Assurance: The Business-Critical Foundation for Network Automation<\/span>\n\t\t\t<p class=\"item-text\">The most important task for any Communications Service Provider (CSP), beyond delivering services, is to assure their&#8230;<\/p>\n\t\t<\/div>\n\t<\/a>\n<\/div>\n\t\t\t\t\t\t\n\t\t\t\t\n\n<div class=\"grid-item post \">\n\t<a href=\"https:\/\/ductus.global\/sv\/why-every-automated-network-needs-a-source-of-truth\/\" class=\"block-link\" title=\"Why Every Automated Network Needs a Source of Truth\">\n        \t\t<figura class=\"grid-item-image\">\n            <img decoding=\"async\" src=\"https:\/\/ductus.global\/wp-content\/uploads\/2025\/05\/NSoT-preview-804x441.jpg\" alt=\"Why Every Automated Network Needs a Source of Truth\">\n        <\/figura>\n                        <span class=\"date-info has-text-color has-ductus-orange-color\" ><span class=\"category-name last-cat\">Insight <\/span>&nbsp;|&nbsp;<span class=\"date\">maj 8 2025 <\/span><\/span>\n        \t\t<div class=\"inner\">\n\t\t\t<span class=\"item-title alt-heading-font\">Why Every Automated Network Needs a Source of Truth<\/span>\n\t\t\t<p class=\"item-text\">In modern network automation, reliable data is everything. As networks grow more complex, a Network Source of Truth&#8230;<\/p>\n\t\t<\/div>\n\t<\/a>\n<\/div>\n\t\t\t\t\t\t\n\t\t\t\t\n\n<div class=\"grid-item post \">\n\t<a href=\"https:\/\/ductus.global\/sv\/building-secure-and-scalable-cloud-infrastructure-aws-lessons-from-a-global-manufacturer\/\" class=\"block-link\" title=\"Building Secure and Scalable Cloud Infrastructure: AWS lessons from a Global Manufacturer\">\n        \t\t<figura class=\"grid-item-image\">\n            <img decoding=\"async\" src=\"https:\/\/ductus.global\/wp-content\/uploads\/2017\/12\/cloud-back-2-662x441.jpg\" alt=\"Building Secure and Scalable Cloud Infrastructure: AWS lessons from a Global Manufacturer\">\n        <\/figura>\n                        <span class=\"date-info has-text-color has-ductus-orange-color\" ><span class=\"category-name last-cat\">Insight <\/span>&nbsp;|&nbsp;<span class=\"date\">apr 29 2025 <\/span><\/span>\n        \t\t<div class=\"inner\">\n\t\t\t<span class=\"item-title alt-heading-font\">Building Secure and Scalable Cloud Infrastructure: AWS lessons from a Global Manufacturer<\/span>\n\t\t\t<p class=\"item-text\">As businesses grow their cloud presence, proven expertise is essential to building secure, scalable, and efficient IT&#8230;<\/p>\n\t\t<\/div>\n\t<\/a>\n<\/div>\n\t\t\t\t\t\t\t<\/div>\n\t\t\t<div class=\"button-item has-text-align-center\">\n            <form id=\"post-grid-block_0a66c268364d3b87e911bddc25ada9bd_form\" class=\"submit_load_more\">\n                <input type=\"hidden\" name=\"item-args\" value='eyJ0ZW1wbGF0ZSI6IjAiLCJoaWRlX2ltYWdlcyI6ZmFsc2UsImhpZGVfY2F0ZWdvcnlfbGFiZWwiOmZhbHNlLCJoaWRlX2RhdGUiOmZhbHNlfQ=='\/>\n                <input type=\"hidden\" name=\"post-args\" value='eyJwb3N0c19wZXJfcGFnZSI6IjEzIiwicG9zdF90eXBlIjpbInBvc3QiLCJldmVudHMiLCJjYXNlcyIsIm5ld3MiXSwib3JkZXJieSI6ImRhdGUiLCJvcmRlciI6ImRlc2MiLCJjYXRlZ29yeSI6IjQyMjEsIDQxNzQsIDQxNzcsIDQyMzAsIDQyMzEsIDQxNzMiLCJ0YWdfX2luIjpudWxsLCJleGNsdWRlIjpbXSwicG9zdF9fbm90X2luIjpbMjgxMzAsMTU3OTldLCJzdXBwcmVzc19maWx0ZXJzIjowfQ=='\/>\n\t\t\t    <button type=\"submit\" data-container=\"post-grid-block_0a66c268364d3b87e911bddc25ada9bd\" class=\"post-grid-button\">Visa fler<\/button>\n            <\/form>\n\t\t<\/div>\n\t<\/section>\n<\/div><\/div>\n\n\n\n<div style=\"height:100px\" aria-hidden=\"true\" class=\"wp-block-spacer\"><\/div>\n","protected":false},"excerpt":{"rendered":"","protected":false},"author":1,"featured_media":0,"parent":0,"menu_order":115,"comment_status":"closed","ping_status":"closed","template":"","meta":{"_acf_changed":false,"footnotes":""},"class_list":["post-15799","page","type-page","status-publish","hentry"],"acf":[],"_links":{"self":[{"href":"https:\/\/ductus.global\/sv\/wp-json\/wp\/v2\/pages\/15799","targetHints":{"allow":["GET"]}}],"collection":[{"href":"https:\/\/ductus.global\/sv\/wp-json\/wp\/v2\/pages"}],"about":[{"href":"https:\/\/ductus.global\/sv\/wp-json\/wp\/v2\/types\/page"}],"author":[{"embeddable":true,"href":"https:\/\/ductus.global\/sv\/wp-json\/wp\/v2\/users\/1"}],"replies":[{"embeddable":true,"href":"https:\/\/ductus.global\/sv\/wp-json\/wp\/v2\/comments?post=15799"}],"version-history":[{"count":3,"href":"https:\/\/ductus.global\/sv\/wp-json\/wp\/v2\/pages\/15799\/revisions"}],"predecessor-version":[{"id":32881,"href":"https:\/\/ductus.global\/sv\/wp-json\/wp\/v2\/pages\/15799\/revisions\/32881"}],"wp:attachment":[{"href":"https:\/\/ductus.global\/sv\/wp-json\/wp\/v2\/media?parent=15799"}],"curies":[{"name":"wp","href":"https:\/\/api.w.org\/{rel}","templated":true}]}}