{"id":15788,"date":"2017-06-08T10:09:58","date_gmt":"2017-06-08T09:09:58","guid":{"rendered":"https:\/\/stage.dataductus.com\/home-page\/"},"modified":"2025-04-03T09:53:44","modified_gmt":"2025-04-03T08:53:44","slug":"home-page","status":"publish","type":"page","link":"https:\/\/ductus.global\/sv\/","title":{"rendered":"Ductus | Enabling digital transformation for a sustainable world"},"content":{"rendered":"\n<section id=\"slider-banner-block_43269581d0001591d581da2a86a44e84\" class=\"slider-banner-block alignfull loading\" style=\"height: 700px\" data-type=\"carousel\" data-frequence=\"5000\" data-speed=\"1000\">\n    <div class=\"banner-static-content\">\n\t\t        <ul>\n\t\t\t        <\/ul>\n    <\/div>\n    <div class=\"banner-container fade\" style=\"width: 100%\">\n\n\t\t\n                <div id=\"sub_block_43269581d0001591d581da2a86a44e84_0\" class=\"inner  small-text-block text-block-align-left has-fixed-align \" data-item=\"0\" style=\"max-width: 100%; width: 100%\">\n                    <div id=\"image_block_43269581d0001591d581da2a86a44e84_0\" class=\"background-image\" role=\"img\"  aria-label=\"home-img-2025\"  style=\"background-image:url(https:\/\/ductus.global\/wp-content\/uploads\/2025\/04\/home-img-2025.jpg); background-position: 50% 30%\">\n\t\t\t\t\t\t                    <\/div>\n                    <div id=\"background_color_block_43269581d0001591d581da2a86a44e84_0\" style=\"opacity: 1\" class=\"overlay-color \"><\/div>\n                    <div id=\"content_block_43269581d0001591d581da2a86a44e84_0\" style=\" max-width: 700px; background-color:transparent\" class=\"inner-content has-text-align-left\">\n\t\t\t\t\t\t\n\n\n                            <h1 class=\"hero-title has-text-color has-ductus-white-color\" >IT med kunnande och v\u00e4rme<\/h1>\n\t\t\t\t\t\t\t\t\t\t\t\t\t\t\t\t\t\t\t<p class=\"hero-text has-text-color has-ductus-white-color\">Ductus \u00e4r en l\u00f6sningsfokuserad partner som erbjuder bredd och spets inom digitalisering. Med kunnande, aff\u00e4rsf\u00f6rst\u00e5else och en jordn\u00e4ra v\u00e4rme skapar vi b\u00e4ttre samarbeten.<\/p>\t\t\t\t\t\t\n                                                                            <a role=\"button\" href=\"\/careers\/\"   role=\"button\" class=\"hero-banner-button has-button-ductus-gray-color \">\n                                <span class=\"button-text\">Jobba hos oss!<\/span>\n                            <\/a>\n\t\t\t\t\t\t                        <div class=\"background-block-mobile \" style=\"opacity: 1\"><\/div>\n                        <div class=\"background-block has-background\" style=\"opacity: 1\"><\/div>\n                    <\/div>\n                <\/div>\n\n\t\t\t    <\/div>\n<\/section>\n\n\n\n\n<div class=\"wp-block-group alignfull has-background\" id=\"Areas\" style=\"background-color:#f5f5f5\"><div class=\"wp-block-group__inner-container is-layout-flow wp-block-group-is-layout-flow\">\n<div style=\"height:50px\" aria-hidden=\"true\" class=\"wp-block-spacer is-style-responsive-small\"><\/div>\n\n\n\n<h2 class=\"wp-block-heading has-text-align-center\" id=\"h-hej-hur-kan-vi-hjalpa-dig\">Hej! Hur kan vi hj\u00e4lpa dig?<\/h2>\n\n\n\n<div style=\"height:100px\" aria-hidden=\"true\" class=\"wp-block-spacer is-style-responsive-smaller\"><\/div>\n\n\n\n<div class=\"wp-block-columns is-layout-flex wp-container-core-columns-is-layout-9d6595d7 wp-block-columns-is-layout-flex\">\n<div class=\"wp-block-column is-layout-flow wp-block-column-is-layout-flow\">\n<div class=\"wp-block-media-text is-stacked-on-mobile is-style-no-padding\" style=\"grid-template-columns:18% auto\"><figure class=\"wp-block-media-text__media\"><img decoding=\"async\" width=\"208\" height=\"208\" src=\"https:\/\/ductus.global\/wp-content\/uploads\/2024\/10\/IT-consultants.png\" alt=\"\" class=\"wp-image-32573 size-full\" srcset=\"https:\/\/ductus.global\/wp-content\/uploads\/2024\/10\/IT-consultants.png 208w, https:\/\/ductus.global\/wp-content\/uploads\/2024\/10\/IT-consultants-150x150.png 150w, https:\/\/ductus.global\/wp-content\/uploads\/2024\/10\/IT-consultants-50x50.png 50w\" sizes=\"(max-width: 208px) 100vw, 208px\" \/><\/figure><div class=\"wp-block-media-text__content\">\n<h3 class=\"wp-block-heading has-text-align-left has-ductus-brightblue-color has-text-color\" id=\"h-it-konsulter\" style=\"font-size:20px;font-style:normal;font-weight:600\">IT-konsulter<\/h3>\n<\/div><\/div>\n\n\n\n<div style=\"height:10px\" aria-hidden=\"true\" class=\"wp-block-spacer\"><\/div>\n\n\n\n<hr class=\"wp-block-separator has-text-color has-ductus-lightgray-color has-alpha-channel-opacity has-ductus-lightgray-background-color has-background\"\/>\n\n\n\n\n<a id=\"block_97d1cc576cce9e96e2b2f21652fa371c\"  class=\"block-wrapper \" href=\"https:\/\/ductus.global\/sv\/systemutveckling\/\">\n    \n\n<p class=\"has-text-align-left has-black-color has-text-color has-link-color wp-elements-ad387fff9d386dbba6c4cca614fad59c\"><img decoding=\"async\" width=\"15\" height=\"15\" class=\"wp-image-32566\" style=\"width: 15px;\" src=\"https:\/\/ductus.global\/wp-content\/uploads\/2024\/10\/Arrow-beige.png\" alt=\"\"> Systemutveckling<\/p>\n\n\n<\/a>\n\n\n\n\n<a id=\"block_980849886bbcfb12030c5066efce6d86\"  class=\"block-wrapper \" href=\"\/sv\/infrastruktur-sakerhet\/\">\n    \n\n<p class=\"has-text-align-left has-black-color has-text-color has-link-color wp-elements-ffe8b6963bdf3c73c0d068960b7965e5\"><img decoding=\"async\" width=\"15\" height=\"15\" class=\"wp-image-32566\" style=\"width: 15px;\" src=\"https:\/\/ductus.global\/wp-content\/uploads\/2024\/10\/Arrow-beige.png\" alt=\"\"> Infrastruktur &amp; s\u00e4kerhet<\/p>\n\n\n<\/a>\n\n\n\n\n<a id=\"block_e2177d4a1ca2cb7ff8c28c98ed7c94de\"  class=\"block-wrapper \" href=\"\/sv\/ai-dataanalys\/\">\n    \n\n<p class=\"has-text-align-left has-black-color has-text-color has-link-color wp-elements-1e4f217894776b9874241054bd353343\"><img decoding=\"async\" width=\"15\" height=\"15\" class=\"wp-image-32566\" style=\"width: 15px;\" src=\"https:\/\/ductus.global\/wp-content\/uploads\/2024\/10\/Arrow-beige.png\" alt=\"\"> AI &amp; dataanalys<\/p>\n\n\n<\/a>\n\n\n\n\n<a id=\"block_0f3270b6dcb8fcbcff46fba7c3c9a86b\"  class=\"block-wrapper \" href=\"\/sv\/styrning-ledning\">\n    \n\n<p class=\"has-text-align-left has-black-color has-text-color has-link-color wp-elements-7fffead42e145377fe6a5efef660c42a\"><img decoding=\"async\" width=\"15\" height=\"15\" class=\"wp-image-32566\" style=\"width: 15px;\" src=\"https:\/\/ductus.global\/wp-content\/uploads\/2024\/10\/Arrow-beige.png\" alt=\"\"> Styrning &amp; ledning<\/p>\n\n\n<\/a>\n\n\n\n<div style=\"height:100px\" aria-hidden=\"true\" class=\"wp-block-spacer is-style-responsive-small\"><\/div>\n<\/div>\n\n\n\n<div class=\"wp-block-column is-layout-flow wp-block-column-is-layout-flow\">\n<div class=\"wp-block-media-text alignwide is-stacked-on-mobile is-vertically-aligned-center is-style-no-padding\" style=\"grid-template-columns:18% auto\"><figure class=\"wp-block-media-text__media\"><img decoding=\"async\" width=\"208\" height=\"208\" src=\"https:\/\/ductus.global\/wp-content\/uploads\/2024\/10\/IT-services.png\" alt=\"\" class=\"wp-image-32575 size-full\" srcset=\"https:\/\/ductus.global\/wp-content\/uploads\/2024\/10\/IT-services.png 208w, https:\/\/ductus.global\/wp-content\/uploads\/2024\/10\/IT-services-150x150.png 150w, https:\/\/ductus.global\/wp-content\/uploads\/2024\/10\/IT-services-50x50.png 50w\" sizes=\"(max-width: 208px) 100vw, 208px\" \/><\/figure><div class=\"wp-block-media-text__content\">\n<h3 class=\"wp-block-heading has-text-align-left has-ductus-turquoise-color has-text-color\" id=\"h-it-tjanster\" style=\"font-size:20px;font-style:normal;font-weight:600\">IT-tj\u00e4nster<\/h3>\n<\/div><\/div>\n\n\n\n<div style=\"height:10px\" aria-hidden=\"true\" class=\"wp-block-spacer\"><\/div>\n\n\n\n<hr class=\"wp-block-separator has-text-color has-d-green-light-color has-alpha-channel-opacity has-d-green-light-background-color has-background\"\/>\n\n\n\n\n<a id=\"block_129ebac773f43e7bd4546dc1dcd8ba0c\"  class=\"block-wrapper \" href=\"\/sv\/digital-arbetsplats\/\">\n    \n\n<p class=\"has-text-align-left has-black-color has-text-color has-link-color wp-elements-24a0dcf0751b38b9cad85de7ee3633c5\"><img decoding=\"async\" width=\"15\" height=\"15\" class=\"wp-image-32568\" style=\"width: 15px;\" src=\"https:\/\/ductus.global\/wp-content\/uploads\/2024\/10\/Arrow-green.png\" alt=\"\"> Digital arbetsplats<\/p>\n\n\n<\/a>\n\n\n\n\n<a id=\"block_b952a098cc8d4ccf44aa45d13123d84b\"  class=\"block-wrapper \" href=\"\/sv\/natverkstjanster\/\">\n    \n\n<p class=\"has-text-align-left has-black-color has-text-color has-link-color wp-elements-40b8e42f65391fd387b4bf4d14a61733\"><img decoding=\"async\" width=\"15\" height=\"15\" class=\"wp-image-32568\" style=\"width: 15px;\" src=\"https:\/\/ductus.global\/wp-content\/uploads\/2024\/10\/Arrow-green.png\" alt=\"\"> N\u00e4tverkstj\u00e4nster<\/p>\n\n\n<\/a>\n\n\n\n\n<a id=\"block_4420fdeec1b556bd9a86e08940ae0cf7\"  class=\"block-wrapper \" href=\"\/sv\/applikationsdrift\/\">\n    \n\n<p class=\"has-text-align-left has-black-color has-text-color has-link-color wp-elements-0c8554809e920a7e5c44ebc2d8b77ed8\"><img decoding=\"async\" width=\"15\" height=\"15\" class=\"wp-image-32568\" style=\"width: 15px;\" src=\"https:\/\/ductus.global\/wp-content\/uploads\/2024\/10\/Arrow-green.png\" alt=\"\"> Applikationsdrift<\/p>\n\n\n<\/a>\n\n\n\n\n<a id=\"block_08884cad451571c81494b3b4fa7a9cf5\"  class=\"block-wrapper \" href=\"\/sv\/servicedesk\/\">\n    \n\n<p class=\"has-text-align-left has-black-color has-text-color has-link-color wp-elements-1c06f7e60de24fab0dd27aa0e1e1a999\"><img decoding=\"async\" width=\"15\" height=\"15\" class=\"wp-image-32568\" style=\"width: 15px;\" src=\"https:\/\/ductus.global\/wp-content\/uploads\/2024\/10\/Arrow-green.png\" alt=\"\"> Servicedesk<\/p>\n\n\n<\/a>\n\n\n\n<div style=\"height:100px\" aria-hidden=\"true\" class=\"wp-block-spacer is-style-responsive-small\"><\/div>\n<\/div>\n\n\n\n<div class=\"wp-block-column is-layout-flow wp-block-column-is-layout-flow\">\n\n<a id=\"block_b1119e519f562799ed62c193a9a3f954\"  class=\"block-wrapper \" href=\"https:\/\/ductus.global\/sv\/network-automation\/\">\n    \n\n<div class=\"wp-block-media-text alignwide is-stacked-on-mobile is-vertically-aligned-center is-style-no-padding\" style=\"grid-template-columns:18% auto\"><figure class=\"wp-block-media-text__media\"><img decoding=\"async\" width=\"208\" height=\"208\" src=\"https:\/\/ductus.global\/wp-content\/uploads\/2024\/10\/noa.png\" alt=\"\" class=\"wp-image-32577 size-full\" srcset=\"https:\/\/ductus.global\/wp-content\/uploads\/2024\/10\/noa.png 208w, https:\/\/ductus.global\/wp-content\/uploads\/2024\/10\/noa-150x150.png 150w, https:\/\/ductus.global\/wp-content\/uploads\/2024\/10\/noa-50x50.png 50w\" sizes=\"(max-width: 208px) 100vw, 208px\" \/><\/figure><div class=\"wp-block-media-text__content\">\n<h3 class=\"wp-block-heading has-text-align-left has-d-plum-mid-color has-text-color\" id=\"h-natverks-automation\" style=\"font-size:20px;font-style:normal;font-weight:600\"><strong>N\u00e4tverks-<br>automation<\/strong><\/h3>\n<\/div><\/div>\n\n\n<\/a>\n\n\n\n<div style=\"height:10px\" aria-hidden=\"true\" class=\"wp-block-spacer\"><\/div>\n\n\n\n<hr class=\"wp-block-separator has-text-color has-gray-3-color has-alpha-channel-opacity has-gray-3-background-color has-background\"\/>\n\n\n\n\n<a id=\"block_c195352addc4c8c97fd21de333a3ae84\"  class=\"block-wrapper \" href=\"https:\/\/ductus.global\/sv\/advisory\/\">\n    \n\n<p class=\"has-text-align-left has-black-color has-text-color has-link-color wp-elements-531e6494b2878e29c4403b3c4c6bcc2b\"><img decoding=\"async\" width=\"15\" height=\"15\" class=\"wp-image-32569\" style=\"width: 15px;\" src=\"https:\/\/ductus.global\/wp-content\/uploads\/2024\/10\/Arrow-purple.png\" alt=\"\"> R\u00e5dgivning<\/p>\n\n\n<\/a>\n\n\n\n\n<a id=\"block_252687c7a3ada87c09f603fad9722056\"  class=\"block-wrapper \" href=\"https:\/\/ductus.global\/sv\/implementation\/\">\n    \n\n<p class=\"has-text-align-left has-black-color has-text-color has-link-color wp-elements-02a9bf9c6076aae33f23cf6f00c038ec\"><img decoding=\"async\" width=\"15\" height=\"15\" class=\"wp-image-32569\" style=\"width: 15px;\" src=\"https:\/\/ductus.global\/wp-content\/uploads\/2024\/10\/Arrow-purple.png\" alt=\"\"> Implementering<\/p>\n\n\n<\/a>\n\n\n\n\n<a id=\"block_9acdaa1374ebd70333c199feb67e48f7\"  class=\"block-wrapper \" href=\"https:\/\/ductus.global\/sv\/network-automation-support\/\">\n    \n\n<p class=\"has-text-align-left has-black-color has-text-color has-link-color wp-elements-23f9fc4a9e7dea00a43082d44f643307\"><img decoding=\"async\" width=\"15\" height=\"15\" class=\"wp-image-32569\" style=\"width: 15px;\" src=\"https:\/\/ductus.global\/wp-content\/uploads\/2024\/10\/Arrow-purple.png\" alt=\"\"> Support<\/p>\n\n\n<\/a>\n\n\n\n\n<a id=\"block_5f26b661321f4bd4ff6db445daf9d159\"  class=\"block-wrapper \" href=\"https:\/\/ductus.global\/sv\/ductus-device-management-automation-platform-dmap\/\">\n    \n\n<p class=\"has-text-align-left has-black-color has-text-color has-link-color wp-elements-5a6b8d8846f45b16f9eb7abd1354e3b9\"><img decoding=\"async\" width=\"15\" height=\"15\" class=\"wp-image-32569\" style=\"width: 15px;\" src=\"https:\/\/ductus.global\/wp-content\/uploads\/2024\/10\/Arrow-purple.png\" alt=\"\"> Plattform f\u00f6r automatiserad enhetshantering (DMAP)<\/p>\n\n\n<\/a>\n\n\n\n<div style=\"height:100px\" aria-hidden=\"true\" class=\"wp-block-spacer is-style-responsive-small\"><\/div>\n<\/div>\n<\/div>\n\n\n<div class=\"cta-button wp-block-button ductus-cta-block aligncenter\">\n\t\t\t<a href=\"#h-vara-huvudkontor\"  \t\t\t\tclass=\"ductus-btn-angle has-ductus-green-background-color md\"\n\t\t\t\tdata-gtmtrack=\"true\" data-trackelement=\"call-to-action\"\n\t\t\t\tdata-trackvalue=\"Kontakta oss\">Kontakta oss<\/a>\n\t\t<\/div>\n<\/div><\/div>\n\n\n\n<div class=\"wp-block-group alignfull has-d-mocha-light-background-color has-background\"><div class=\"wp-block-group__inner-container is-layout-flow wp-block-group-is-layout-flow\">\n<div style=\"height:50px\" aria-hidden=\"true\" class=\"wp-block-spacer is-style-responsive-medium\"><\/div>\n\n\n\n<section id=\"post-grid-block_81324e81d86fedc86e00e1091689b8b6\" class=\"post-grid aligncenter template-0\">\n\t<div class=\"inner-grid columns-3\">\n\t\t\n\t\t\t\t\n\n<div class=\"grid-item post \">\n\t<a href=\"https:\/\/ductus.global\/sv\/koden-kollegorna-och-catullus\/\" class=\"block-link\" title=\"Koden, kollegorna och Catullus\">\n        \t\t<figura class=\"grid-item-image\">\n            <img decoding=\"async\" src=\"https:\/\/ductus.global\/wp-content\/uploads\/2026\/02\/Carl-Inberg-header.jpg\" alt=\"Koden, kollegorna och Catullus\">\n        <\/figura>\n                        <span class=\"date-info has-text-color has-ductus-orange-color\" ><span class=\"category-name last-cat\">Ductus Stories <\/span>&nbsp;|&nbsp;<span class=\"date\">feb 27 2026 <\/span><\/span>\n        \t\t<div class=\"inner\">\n\t\t\t<span class=\"item-title alt-heading-font\">Koden, kollegorna och Catullus<\/span>\n\t\t\t<p class=\"item-text\">Carl Inberg b\u00f6rjade sin karri\u00e4r inom spelutveckling, men jobbar idag som mjukvaruutvecklare med en specialistroll&#8230;<\/p>\n\t\t<\/div>\n\t<\/a>\n<\/div>\n\t\t\t\t\t\t\n\t\t\t\t\n\n<div class=\"grid-item post \">\n\t<a href=\"https:\/\/ductus.global\/sv\/med-nyfiken-oppenhet-som-kompass\/\" class=\"block-link\" title=\"Med nyfiken \u00f6ppenhet som kompass\">\n        \t\t<figura class=\"grid-item-image\">\n            <img decoding=\"async\" src=\"https:\/\/ductus.global\/wp-content\/uploads\/2025\/12\/Jonathan-Grundin-preview-706x441.jpg\" alt=\"Med nyfiken \u00f6ppenhet som kompass\">\n        <\/figura>\n                        <span class=\"date-info has-text-color has-ductus-orange-color\" ><span class=\"category-name last-cat\">Ductus Stories <\/span>&nbsp;|&nbsp;<span class=\"date\">dec 17 2025 <\/span><\/span>\n        \t\t<div class=\"inner\">\n\t\t\t<span class=\"item-title alt-heading-font\">Med nyfiken \u00f6ppenhet som kompass<\/span>\n\t\t\t<p class=\"item-text\">Direkt efter examensarbetet i Karlstad flyttade Jonathan Grundin till Skellefte\u00e5 \u2013 lockad av riktiga vintrar,&#8230;<\/p>\n\t\t<\/div>\n\t<\/a>\n<\/div>\n\t\t\t\t\t\t\n\t\t\t\t\n\n<div class=\"grid-item post \">\n\t<a href=\"https:\/\/ductus.global\/sv\/mot-martina-projektledare-som-skapar-struktur-och-trygghet-i-komplexa-it-projekt\/\" class=\"block-link\" title=\"M\u00f6t Martina, projektledare som skapar struktur och trygghet i komplexa IT-projekt\">\n        \t\t<figura class=\"grid-item-image\">\n            <img decoding=\"async\" src=\"https:\/\/ductus.global\/wp-content\/uploads\/2025\/10\/Martina-profile-441x441.jpg\" alt=\"M\u00f6t Martina, projektledare som skapar struktur och trygghet i komplexa IT-projekt\">\n        <\/figura>\n                        <span class=\"date-info has-text-color has-ductus-orange-color\" ><span class=\"category-name last-cat\">Women in Tech <\/span>&nbsp;|&nbsp;<span class=\"date\">okt 24 2025 <\/span><\/span>\n        \t\t<div class=\"inner\">\n\t\t\t<span class=\"item-title alt-heading-font\">M\u00f6t Martina, projektledare som skapar struktur och trygghet i komplexa IT-projekt<\/span>\n\t\t\t<p class=\"item-text\">Att leda komplexa IT-projekt kr\u00e4ver struktur, lyh\u00f6rdhet och en f\u00f6rm\u00e5ga att f\u00e5 m\u00e4nniskor att dra \u00e5t samma h\u00e5ll&#8230;.<\/p>\n\t\t<\/div>\n\t<\/a>\n<\/div>\n\t\t\t\t\t\t\t<\/div>\n\t<\/section>\n\n\n\n<div style=\"height:158px\" aria-hidden=\"true\" class=\"wp-block-spacer is-style-responsive-medium\"><\/div>\n<\/div><\/div>\n\n\n\n<div class=\"wp-block-group alignfull\"><div class=\"wp-block-group__inner-container is-layout-flow wp-block-group-is-layout-flow\">\n<div style=\"height:100px\" aria-hidden=\"true\" class=\"wp-block-spacer is-style-responsive-small\"><\/div>\n\n\n\n<h2 class=\"wp-block-heading has-text-align-center has-ductus-darkblue-color has-text-color has-link-color wp-elements-2f57ec66b905c8ea2f3640c4539bd520\" id=\"h-kommande-events\"><span class=\"tadv-color\" style=\"color:#165575\">Kommande events<\/span><\/h2>\n\n\n\n<div style=\"height:100px\" aria-hidden=\"true\" class=\"wp-block-spacer is-style-responsive-smaller\"><\/div>\n\n\n\n\n\n\t\t\t\t\n    <div id=\"empty-block_e364d65d7ae2154a2ead565b4bd4b1bd\"><\/div>\n    <script>\n        let element = document.getElementById(\"empty-block_e364d65d7ae2154a2ead565b4bd4b1bd\");\n        let parent = element.parentElement;\n        if ( parent.classList.contains('wp-block-group__inner-container') ){\n            parent.parentElement.style.display = 'none';\n        } else if (parent.classList.contains('wp-block-group')) {\n            parent.style.display = 'none';\n        }\n    <\/script>\n\n\n\n<div style=\"height:100px\" aria-hidden=\"true\" class=\"wp-block-spacer is-style-responsive-small\"><\/div>\n<\/div><\/div>\n\n\n\n<div class=\"wp-block-group alignfull has-ductus-blue-background-color has-background\"><div class=\"wp-block-group__inner-container is-layout-constrained wp-block-group-is-layout-constrained\">\n<div class=\"wp-block-group\"><div class=\"wp-block-group__inner-container is-layout-flow wp-block-group-is-layout-flow\">\n<div style=\"height:50px\" aria-hidden=\"true\" class=\"wp-block-spacer is-style-responsive-medium\"><\/div>\n\n\n\n<h2 class=\"wp-block-heading has-text-align-center has-ductus-white-color has-text-color\" id=\"h-nyfiken-pa-att-jobba-hos-oss\">Nyfiken p\u00e5 att jobba hos oss?<\/h2>\n\n\n\n<p class=\"has-ductus-white-color has-text-color\">Vi vill att m\u00e4nniskorna som jobbar hos oss och kunderna som vi hj\u00e4lper ska v\u00e4xa. D\u00e4rf\u00f6r har vi utvecklat en arbetsmilj\u00f6 d\u00e4r b\u00e5de medarbetare och samarbetspartners har l\u00e4tt att trivas. Med p\u00e5litlighet, r\u00e4tt kompetens och ett jordn\u00e4ra s\u00e4tt att n\u00e4rma oss varje utmaning hj\u00e4lper vi kunder i hela v\u00e4rlden ta digitaliseringen av deras verksamhet till n\u00e4sta niv\u00e5.<\/p>\n\n\n<div class=\"cta-button wp-block-button ductus-cta-block aligncenter\">\n\t\t\t<a href=\"\/careers\/#job-openings\"  \t\t\t\tclass=\"ductus-btn-angle has-ductus-green-background-color md\"\n\t\t\t\tdata-gtmtrack=\"true\" data-trackelement=\"call-to-action\"\n\t\t\t\tdata-trackvalue=\"Se v\u00e5ra lediga jobb\">Se v\u00e5ra lediga jobb<\/a>\n\t\t<\/div>\n\n\n\n<div style=\"height:50px\" aria-hidden=\"true\" class=\"wp-block-spacer is-style-responsive-small\"><\/div>\n<\/div><\/div>\n<\/div><\/div>\n\n\n\n<div class=\"wp-block-cover alignfull is-light\"><span aria-hidden=\"true\" class=\"wp-block-cover__background has-d-plum-mid-background-color has-background-dim-40 has-background-dim\"><\/span><img decoding=\"async\" width=\"1435\" height=\"469\" class=\"wp-block-cover__image-background wp-image-23900\" alt=\"\" src=\"https:\/\/ductus.global\/wp-content\/uploads\/2022\/05\/students-back.png\" style=\"object-position:50% 0%\" data-object-fit=\"cover\" data-object-position=\"50% 0%\" srcset=\"https:\/\/ductus.global\/wp-content\/uploads\/2022\/05\/students-back.png 1435w, https:\/\/ductus.global\/wp-content\/uploads\/2022\/05\/students-back-300x98.png 300w, https:\/\/ductus.global\/wp-content\/uploads\/2022\/05\/students-back-768x251.png 768w, https:\/\/ductus.global\/wp-content\/uploads\/2022\/05\/students-back-1024x335.png 1024w, https:\/\/ductus.global\/wp-content\/uploads\/2022\/05\/students-back-153x50.png 153w, https:\/\/ductus.global\/wp-content\/uploads\/2022\/05\/students-back-840x275.png 840w\" sizes=\"(max-width: 1435px) 100vw, 1435px\" \/><div class=\"wp-block-cover__inner-container is-layout-flow wp-block-cover-is-layout-flow\">\n<div style=\"height:80px\" aria-hidden=\"true\" class=\"wp-block-spacer is-style-responsive-large\"><\/div>\n\n\n\n<div class=\"wp-block-columns is-layout-flex wp-container-core-columns-is-layout-9d6595d7 wp-block-columns-is-layout-flex\">\n<div class=\"wp-block-column is-layout-flow wp-block-column-is-layout-flow\">\n<h2 class=\"wp-block-heading\" id=\"h-gor-ditt-examensarbete-hos-oss\"><strong><span class=\"tadv-color\" style=\"color:#ffffff\"><strong><span class=\"tadv-color\" style=\"color:#ffffff\">G\u00f6r ditt examensarbete hos oss<\/span><\/strong><\/span><\/strong><\/h2>\n\n\n\n<p><span class=\"tadv-color\" style=\"color:#ffffff\">Vill du g\u00f6ra ditt examensarbete p\u00e5 ett innovativt IT-f\u00f6retag som st\u00f6ttar dig hela v\u00e4gen? Ans\u00f6k om att g\u00f6ra ditt examensarbete hos oss!<\/span><\/p>\n\n\n<div class=\"cta-button wp-block-button ductus-cta-block alignleft\">\n\t\t\t<a href=\"\/students\"  title=\"_blank\"\t\t\t\tclass=\"ductus-btn-angle has-ductus-lightgray-background-color md\"\n\t\t\t\tdata-gtmtrack=\"true\" data-trackelement=\"call-to-action\"\n\t\t\t\tdata-trackvalue=\"L\u00e4s mer\">L\u00e4s mer<\/a>\n\t\t<\/div>\n<\/div>\n\n\n\n<div class=\"wp-block-column is-layout-flow wp-block-column-is-layout-flow\"><\/div>\n<\/div>\n\n\n\n<div style=\"height:150px\" aria-hidden=\"true\" class=\"wp-block-spacer is-style-responsive-bottom\"><\/div>\n<\/div><\/div>\n","protected":false},"excerpt":{"rendered":"<p>Hej! Hur kan vi hj\u00e4lpa dig? IT-konsulter IT-tj\u00e4nster Kommande events Nyfiken p\u00e5 att jobba hos oss? Vi vill att m\u00e4nniskorna som jobbar hos oss och kunderna som vi hj\u00e4lper ska v\u00e4xa. D\u00e4rf\u00f6r har vi utvecklat en arbetsmilj\u00f6 d\u00e4r b\u00e5de medarbetare och samarbetspartners har l\u00e4tt att trivas. Med p\u00e5litlighet, r\u00e4tt kompetens och ett jordn\u00e4ra s\u00e4tt att [&hellip;]<\/p>\n","protected":false},"author":1,"featured_media":32909,"parent":0,"menu_order":4,"comment_status":"closed","ping_status":"closed","template":"","meta":{"_acf_changed":false,"footnotes":""},"class_list":["post-15788","page","type-page","status-publish","has-post-thumbnail","hentry"],"acf":[],"_links":{"self":[{"href":"https:\/\/ductus.global\/sv\/wp-json\/wp\/v2\/pages\/15788","targetHints":{"allow":["GET"]}}],"collection":[{"href":"https:\/\/ductus.global\/sv\/wp-json\/wp\/v2\/pages"}],"about":[{"href":"https:\/\/ductus.global\/sv\/wp-json\/wp\/v2\/types\/page"}],"author":[{"embeddable":true,"href":"https:\/\/ductus.global\/sv\/wp-json\/wp\/v2\/users\/1"}],"replies":[{"embeddable":true,"href":"https:\/\/ductus.global\/sv\/wp-json\/wp\/v2\/comments?post=15788"}],"version-history":[{"count":15,"href":"https:\/\/ductus.global\/sv\/wp-json\/wp\/v2\/pages\/15788\/revisions"}],"predecessor-version":[{"id":33221,"href":"https:\/\/ductus.global\/sv\/wp-json\/wp\/v2\/pages\/15788\/revisions\/33221"}],"wp:featuredmedia":[{"embeddable":true,"href":"https:\/\/ductus.global\/sv\/wp-json\/wp\/v2\/media\/32909"}],"wp:attachment":[{"href":"https:\/\/ductus.global\/sv\/wp-json\/wp\/v2\/media?parent=15788"}],"curies":[{"name":"wp","href":"https:\/\/api.w.org\/{rel}","templated":true}]}}