{"id":1490,"date":"2017-10-15T13:04:00","date_gmt":"2017-10-15T11:04:00","guid":{"rendered":"http:\/\/77.81.189.243\/?page_id=1490"},"modified":"2021-07-08T15:46:49","modified_gmt":"2021-07-08T14:46:49","slug":"business-inquiries","status":"publish","type":"page","link":"https:\/\/ductus.global\/sv\/business-inquiries\/","title":{"rendered":"Business Inquiries"},"content":{"rendered":"<div class=\"frm_forms  with_frm_style frm_style_formidable-style\" id=\"frm_form_2_container\" >\n<form enctype=\"multipart\/form-data\" method=\"post\" class=\"frm-show-form  frm_js_validate  frm_ajax_submit  frm_pro_form \" id=\"form_business-inquiries\" >\n<div class=\"frm_form_fields \">\n<fieldset>\n<legend class=\"frm_hidden\">Business Inquiry<\/legend>\r\n\r\n<div class=\"frm_fields_container\">\n<input type=\"hidden\" name=\"frm_action\" value=\"create\" \/>\n<input type=\"hidden\" name=\"form_id\" value=\"2\" \/>\n<input type=\"hidden\" name=\"frm_hide_fields_2\" id=\"frm_hide_fields_2\" value=\"\" \/>\n<input type=\"hidden\" name=\"form_key\" value=\"business-inquiries\" \/>\n<input type=\"hidden\" name=\"item_meta[0]\" value=\"\" \/>\n<input type=\"hidden\" id=\"frm_submit_entry_2\" name=\"frm_submit_entry_2\" value=\"e8a62298a1\" \/><input type=\"hidden\" name=\"_wp_http_referer\" value=\"\/sv\/wp-json\/wp\/v2\/pages\/1490\" \/><div id=\"frm_field_8_container\" class=\"frm_form_field form-field  frm_required_field frm_top_container frm_first frm_third\">\r\n    <label for=\"field_qh4icy2\" class=\"frm_primary_label\">First Name\r\n        <span class=\"frm_required\">*<\/span>\r\n    <\/label>\r\n    <input  type=\"text\" id=\"field_qh4icy2\" name=\"item_meta[8]\" value=\"\"  data-reqmsg=\"First Name cannot be blank.\" aria-required=\"true\" data-invmsg=\"First Name is invalid\" aria-invalid=\"false\"   \/>\r\n    \r\n    \r\n<\/div>\n<div id=\"frm_field_9_container\" class=\"frm_form_field form-field  frm_required_field frm_top_container frm_third\">\r\n    <label for=\"field_ocfup12\" class=\"frm_primary_label\">Last Name\r\n        <span class=\"frm_required\">*<\/span>\r\n    <\/label>\r\n    <input  type=\"text\" id=\"field_ocfup12\" name=\"item_meta[9]\" value=\"\"  data-reqmsg=\"Last Name cannot be blank.\" aria-required=\"true\" data-invmsg=\"Last Name is invalid\" aria-invalid=\"false\"   \/>\r\n    \r\n    \r\n<\/div>\n<div id=\"frm_field_17_container\" class=\"frm_form_field form-field  frm_required_field frm_top_container frm_first frm_third\">\r\n    <label for=\"field_xuh91\" class=\"frm_primary_label\">Job title\r\n        <span class=\"frm_required\">*<\/span>\r\n    <\/label>\r\n    <input  type=\"text\" id=\"field_xuh91\" name=\"item_meta[17]\" value=\"\"  data-reqmsg=\"Job title cannot be blank.\" aria-required=\"true\" data-invmsg=\"Job title is invalid\" aria-invalid=\"false\"   \/>\r\n    \r\n    \r\n<\/div>\n<div id=\"frm_field_18_container\" class=\"frm_form_field form-field  frm_required_field frm_top_container frm_third\">\r\n    <label for=\"field_o2g8p\" class=\"frm_primary_label\">Company\r\n        <span class=\"frm_required\">*<\/span>\r\n    <\/label>\r\n    <input  type=\"text\" id=\"field_o2g8p\" name=\"item_meta[18]\" value=\"\"  data-reqmsg=\"Company cannot be blank.\" aria-required=\"true\" data-invmsg=\"Company is invalid\" aria-invalid=\"false\"   \/>\r\n    \r\n    \r\n<\/div>\n<div id=\"frm_field_16_container\" class=\"frm_form_field form-field  frm_inside_container frm_label_float_top frm_third\">\r\n    <label for=\"field_qmupd\" class=\"frm_primary_label\">Country\r\n        <span class=\"frm_required\"><\/span>\r\n    <\/label>\r\n    \t\t<select name=\"item_meta[16]\" id=\"field_qmupd\"  data-placeholder=\"V\u00e4lj ett alternativ\"  data-frmval=\"Sweden\" data-invmsg=\"Country \u00e4r ogiltigt\" class=\"frm_slimselect\" aria-invalid=\"false\"  >\n\t\t<option  value=\"Albania\">Albania<\/option><option  value=\"Algeria\">Algeria<\/option><option  value=\"American Samoa\">American Samoa<\/option><option  value=\"Andorra\">Andorra<\/option><option  value=\"Angola\">Angola<\/option><option  value=\"Anguilla\">Anguilla<\/option><option  value=\"Antarctica\">Antarctica<\/option><option  value=\"Antigua and Barbuda\">Antigua and Barbuda<\/option><option  value=\"Argentina\">Argentina<\/option><option  value=\"Armenia\">Armenia<\/option><option  value=\"Aruba\">Aruba<\/option><option  value=\"Australia\">Australia<\/option><option  value=\"Austria\">Austria<\/option><option  value=\"Azerbaijan\">Azerbaijan<\/option><option  value=\"Bahamas\">Bahamas<\/option><option  value=\"Bahrain\">Bahrain<\/option><option  value=\"Bangladesh\">Bangladesh<\/option><option  value=\"Barbados\">Barbados<\/option><option  value=\"Belarus\">Belarus<\/option><option  value=\"Belgium\">Belgium<\/option><option  value=\"Belize\">Belize<\/option><option  value=\"Benin\">Benin<\/option><option  value=\"Bermuda\">Bermuda<\/option><option  value=\"Bhutan\">Bhutan<\/option><option  value=\"Bolivia\">Bolivia<\/option><option  value=\"Bosnia and Herzegovina\">Bosnia and Herzegovina<\/option><option  value=\"Botswana\">Botswana<\/option><option  value=\"Brazil\">Brazil<\/option><option  value=\"Brunei\">Brunei<\/option><option  value=\"Bulgaria\">Bulgaria<\/option><option  value=\"Burkina Faso\">Burkina Faso<\/option><option  value=\"Burundi\">Burundi<\/option><option  value=\"Cambodia\">Cambodia<\/option><option  value=\"Cameroon\">Cameroon<\/option><option  value=\"Canada\">Canada<\/option><option  value=\"Cape Verde\">Cape Verde<\/option><option  value=\"Cayman Islands\">Cayman Islands<\/option><option  value=\"Central African Republic\">Central African Republic<\/option><option  value=\"Chad\">Chad<\/option><option  value=\"Chile\">Chile<\/option><option  value=\"China\">China<\/option><option  value=\"Colombia\">Colombia<\/option><option  value=\"Comoros\">Comoros<\/option><option  value=\"Congo\">Congo<\/option><option  value=\"Costa Rica\">Costa Rica<\/option><option  value=\"C\u00f4te d\u2018Ivoire\">C\u00f4te d\u2018Ivoire<\/option><option  value=\"Croatia\">Croatia<\/option><option  value=\"Cuba\">Cuba<\/option><option  value=\"Cyprus\">Cyprus<\/option><option  value=\"Czech Republic\">Czech Republic<\/option><option  value=\"Denmark\">Denmark<\/option><option  value=\"Djibouti\">Djibouti<\/option><option  value=\"Dominica\">Dominica<\/option><option  value=\"Dominican Republic\">Dominican Republic<\/option><option  value=\"East Timor\">East Timor<\/option><option  value=\"Ecuador\">Ecuador<\/option><option  value=\"Egypt\">Egypt<\/option><option  value=\"El Salvador\">El Salvador<\/option><option  value=\"Equatorial Guinea\">Equatorial Guinea<\/option><option  value=\"Eritrea\">Eritrea<\/option><option  value=\"Estonia\">Estonia<\/option><option  value=\"Ethiopia\">Ethiopia<\/option><option  value=\"Fiji\">Fiji<\/option><option  value=\"Finland\">Finland<\/option><option  value=\"France\">France<\/option><option  value=\"French Guiana\">French Guiana<\/option><option  value=\"French Polynesia\">French Polynesia<\/option><option  value=\"Gabon\">Gabon<\/option><option  value=\"Gambia\">Gambia<\/option><option  value=\"Georgia\">Georgia<\/option><option  value=\"Germany\">Germany<\/option><option  value=\"Ghana\">Ghana<\/option><option  value=\"Gibraltar\">Gibraltar<\/option><option  value=\"Greece\">Greece<\/option><option  value=\"Greenland\">Greenland<\/option><option  value=\"Grenada\">Grenada<\/option><option  value=\"Guam\">Guam<\/option><option  value=\"Guatemala\">Guatemala<\/option><option  value=\"Guinea\">Guinea<\/option><option  value=\"Guinea-Bissau\">Guinea-Bissau<\/option><option  value=\"Guyana\">Guyana<\/option><option  value=\"Haiti\">Haiti<\/option><option  value=\"Honduras\">Honduras<\/option><option  value=\"Hong Kong\">Hong Kong<\/option><option  value=\"Hungary\">Hungary<\/option><option  value=\"Iceland\">Iceland<\/option><option  value=\"India\">India<\/option><option  value=\"Indonesia\">Indonesia<\/option><option  value=\"Iran\">Iran<\/option><option  value=\"Iraq\">Iraq<\/option><option  value=\"Ireland\">Ireland<\/option><option  value=\"Israel\">Israel<\/option><option  value=\"Italy\">Italy<\/option><option  value=\"Jamaica\">Jamaica<\/option><option  value=\"Japan\">Japan<\/option><option  value=\"Jordan\">Jordan<\/option><option  value=\"Kazakhstan\">Kazakhstan<\/option><option  value=\"Kenya\">Kenya<\/option><option  value=\"Kiribati\">Kiribati<\/option><option  value=\"South Korea\">South Korea<\/option><option  value=\"Kuwait\">Kuwait<\/option><option  value=\"Kyrgyzstan\">Kyrgyzstan<\/option><option  value=\"Laos\">Laos<\/option><option  value=\"Latvia\">Latvia<\/option><option  value=\"Lebanon\">Lebanon<\/option><option  value=\"Lesotho\">Lesotho<\/option><option  value=\"Liberia\">Liberia<\/option><option  value=\"Libya\">Libya<\/option><option  value=\"Liechtenstein\">Liechtenstein<\/option><option  value=\"Lithuania\">Lithuania<\/option><option  value=\"Luxembourg\">Luxembourg<\/option><option  value=\"Macedonia\">Macedonia<\/option><option  value=\"Madagascar\">Madagascar<\/option><option  value=\"Malawi\">Malawi<\/option><option  value=\"Malaysia\">Malaysia<\/option><option  value=\"Maldives\">Maldives<\/option><option  value=\"Mali\">Mali<\/option><option  value=\"Malta\">Malta<\/option><option  value=\"Marshall Islands\">Marshall Islands<\/option><option  value=\"Mauritania\">Mauritania<\/option><option  value=\"Mauritius\">Mauritius<\/option><option  value=\"Mexico\">Mexico<\/option><option  value=\"Micronesia\">Micronesia<\/option><option  value=\"Moldova\">Moldova<\/option><option  value=\"Monaco\">Monaco<\/option><option  value=\"Mongolia\">Mongolia<\/option><option  value=\"Montenegro\">Montenegro<\/option><option  value=\"Montserrat\">Montserrat<\/option><option  value=\"Morocco\">Morocco<\/option><option  value=\"Mozambique\">Mozambique<\/option><option  value=\"Myanmar\">Myanmar<\/option><option  value=\"Namibia\">Namibia<\/option><option  value=\"Nauru\">Nauru<\/option><option  value=\"Nepal\">Nepal<\/option><option  value=\"Netherlands\">Netherlands<\/option><option  value=\"New Zealand\">New Zealand<\/option><option  value=\"Nicaragua\">Nicaragua<\/option><option  value=\"Niger\">Niger<\/option><option  value=\"Nigeria\">Nigeria<\/option><option  value=\"Norway\">Norway<\/option><option  value=\"Northern Mariana Islands\">Northern Mariana Islands<\/option><option  value=\"Oman\">Oman<\/option><option  value=\"Pakistan\">Pakistan<\/option><option  value=\"Palau\">Palau<\/option><option  value=\"Palestine\">Palestine<\/option><option  value=\"Panama\">Panama<\/option><option  value=\"Papua New Guinea\">Papua New Guinea<\/option><option  value=\"Paraguay\">Paraguay<\/option><option  value=\"Peru\">Peru<\/option><option  value=\"Philippines\">Philippines<\/option><option  value=\"Poland\">Poland<\/option><option  value=\"Portugal\">Portugal<\/option><option  value=\"Puerto Rico\">Puerto Rico<\/option><option  value=\"Qatar\">Qatar<\/option><option  value=\"Romania\">Romania<\/option><option  value=\"Russia\">Russia<\/option><option  value=\"Rwanda\">Rwanda<\/option><option  value=\"Saint Kitts and Nevis\">Saint Kitts and Nevis<\/option><option  value=\"Saint Lucia\">Saint Lucia<\/option><option  value=\"Saint Vincent and the Grenadines\">Saint Vincent and the Grenadines<\/option><option  value=\"Samoa\">Samoa<\/option><option  value=\"San Marino\">San Marino<\/option><option  value=\"Sao Tome and Principe\">Sao Tome and Principe<\/option><option  value=\"Saudi Arabia\">Saudi Arabia<\/option><option  value=\"Senegal\">Senegal<\/option><option  value=\"Serbia and Montenegro\">Serbia and Montenegro<\/option><option  value=\"Seychelles\">Seychelles<\/option><option  value=\"Sierra Leone\">Sierra Leone<\/option><option  value=\"Singapore\">Singapore<\/option><option  value=\"Slovakia\">Slovakia<\/option><option  value=\"Slovenia\">Slovenia<\/option><option  value=\"Solomon Islands\">Solomon Islands<\/option><option  value=\"Somalia\">Somalia<\/option><option  value=\"South Africa\">South Africa<\/option><option  value=\"South Sudan\">South Sudan<\/option><option  value=\"Spain\">Spain<\/option><option  value=\"Sri Lanka\">Sri Lanka<\/option><option  value=\"Sudan\">Sudan<\/option><option  value=\"Suriname\">Suriname<\/option><option  value=\"Swaziland\">Swaziland<\/option><option  value=\"Sweden\" selected='selected'>Sweden<\/option><option  value=\"Switzerland\">Switzerland<\/option><option  value=\"Syria\">Syria<\/option><option  value=\"Taiwan\">Taiwan<\/option><option  value=\"Tajikistan\">Tajikistan<\/option><option  value=\"Tanzania\">Tanzania<\/option><option  value=\"Thailand\">Thailand<\/option><option  value=\"Togo\">Togo<\/option><option  value=\"Tonga\">Tonga<\/option><option  value=\"Trinidad and Tobago\">Trinidad and Tobago<\/option><option  value=\"Tunisia\">Tunisia<\/option><option  value=\"Turkey\">Turkey<\/option><option  value=\"Turkmenistan\">Turkmenistan<\/option><option  value=\"Tuvalu\">Tuvalu<\/option><option  value=\"Uganda\">Uganda<\/option><option  value=\"Ukraine\">Ukraine<\/option><option  value=\"United Arab Emirates\">United Arab Emirates<\/option><option  value=\"United Kingdom\">United Kingdom<\/option><option  value=\"United States\">United States<\/option><option  value=\"Uruguay\">Uruguay<\/option><option  value=\"Uzbekistan\">Uzbekistan<\/option><option  value=\"Vanuatu\">Vanuatu<\/option><option  value=\"Vatican City\">Vatican City<\/option><option  value=\"Venezuela\">Venezuela<\/option><option  value=\"Vietnam\">Vietnam<\/option><option  value=\"Virgin Islands, British\">Virgin Islands, British<\/option><option  value=\"Virgin Islands, U.S.\">Virgin Islands, U.S.<\/option><option  value=\"Yemen\">Yemen<\/option><option  value=\"Zambia\">Zambia<\/option><option  value=\"Zimbabwe\">Zimbabwe<\/option>\t<\/select>\n\t\r\n    \r\n    \r\n<\/div>\n<div id=\"frm_field_19_container\" class=\"frm_form_field form-field  frm_required_field frm_top_container frm_first frm_third\">\r\n    <label for=\"field_jh1xl\" class=\"frm_primary_label\">Phone\r\n        <span class=\"frm_required\">*<\/span>\r\n    <\/label>\r\n    <input type=\"tel\" id=\"field_jh1xl\" name=\"item_meta[19]\" value=\"\"  data-reqmsg=\"Phone cannot be blank.\" aria-required=\"true\" data-invmsg=\"Phone is invalid\" aria-invalid=\"false\" pattern=\"([a-zA-Z0-9]{5,15})$\"  \/>\r\n    \r\n    \r\n<\/div>\n<div id=\"frm_field_10_container\" class=\"frm_form_field form-field  frm_required_field frm_top_container frm_third\">\r\n    <label for=\"field_29yf4d2\" class=\"frm_primary_label\">Email\r\n        <span class=\"frm_required\">*<\/span>\r\n    <\/label>\r\n    <input type=\"email\" id=\"field_29yf4d2\" name=\"item_meta[10]\" value=\"\"  data-reqmsg=\"Email cannot be blank.\" aria-required=\"true\" data-invmsg=\"Please enter a valid email address\" aria-invalid=\"false\"  \/>\r\n    \r\n    \r\n<\/div>\n<div id=\"frm_field_13_container\" class=\"frm_form_field form-field  frm_required_field frm_top_container frm_full\">\r\n    <label for=\"field_9jv0r12\" class=\"frm_primary_label\">How can we help?\r\n        <span class=\"frm_required\">*<\/span>\r\n    <\/label>\r\n    <textarea name=\"item_meta[13]\" id=\"field_9jv0r12\" rows=\"5\"  data-reqmsg=\"How can we help? cannot be blank.\" aria-required=\"true\" data-invmsg=\"How can we help? \u00e4r ogiltigt\" aria-invalid=\"false\"  ><\/textarea>\r\n    \r\n    \r\n<\/div>\n<div id=\"frm_field_14_container\" class=\"frm_form_field form-field  frm_none_container\">\r\n    <label for=\"g-recaptcha-response\" class=\"frm_primary_label\">Captcha\r\n        <span class=\"frm_required\"><\/span>\r\n    <\/label>\r\n    \r\n    \r\n    \r\n<\/div>\n<div id=\"frm_field_101_container\" class=\"frm_form_field form-field  frm_embed_form_container\">\r\n<input type=\"hidden\" name=\"item_meta[101][form]\" value=\"7\" class=\"frm_dnc\" \/>\n\t\t\t<div id=\"frm_section_101-0\" class=\"frm_repeat_sec frm_repeat_101 frm_first_repeat frm_grid_container\">\n<input type=\"hidden\" name=\"item_meta[101][row_ids][]\" value=\"0\" \/><input type=\"hidden\" name=\"item_meta[101][0][0]\" value=\"\" \/>\t\t<input  type=\"hidden\" name=\"item_meta[101][0][97]\" id=\"field_default_email-0\" value=\"\"     \/>\n\t\t\t\t<input  type=\"hidden\" name=\"item_meta[101][0][98]\" id=\"field_recipient_email-0\" value=\"\"     \/>\n\t\t\t\t<input  type=\"hidden\" name=\"item_meta[101][0][392]\" id=\"field_5jsbf-0\" value=\"\"     \/>\n\t\t\t\t<input  type=\"hidden\" name=\"item_meta[101][0][99]\" id=\"field_redirect_url-0\" value=\"\"     \/>\n\t\t\t\t<input  type=\"hidden\" name=\"item_meta[101][0][199]\" id=\"field_jno52-0\" value=\"\"     \/>\n\t\t\t\t<input  type=\"hidden\" name=\"item_meta[101][0][103]\" id=\"field_jlzo9-0\" value=\"\/sv\/wp-json\/wp\/v2\/pages\/1490\"  data-frmval=\"\/sv\/wp-json\/wp\/v2\/pages\/1490\"   \/>\n\t\t\t\t<input  type=\"hidden\" name=\"item_meta[101][0][104]\" id=\"field_w1hgt-0\" value=\"\"     \/>\n\t\t<\/div>\n\r\n<\/div>\n\t\t<input  type=\"hidden\" name=\"item_meta[262]\" id=\"field_kptb0\" value=\"\"     \/>\n\t\t<div id=\"frm_field_426_container\" class=\"frm_form_field form-field  frm_required_field frm_none_container has-small-font-size vertical_radio\">\r\n    <div  id=\"field_txyc9_label\" class=\"frm_primary_label\">Privacy Policy\r\n        <span class=\"frm_required\" aria-hidden=\"true\"><\/span>\r\n    <\/div>\r\n    <div class=\"frm_opt_container\" aria-labelledby=\"field_txyc9_label\" role=\"group\">\t\t<div class=\"frm_checkbox\" id=\"frm_checkbox_426-0\">\t\t\t<label  for=\"field_txyc9-0\">\n\t\t\t<input type=\"checkbox\" name=\"item_meta[426][]\" id=\"field_txyc9-0\" value=\"By submitting this form you are agree with storage and handling of your data by this website in accordance with our &lt;a href=&quot;https:\/\/dataductus.com\/privacy-policy\/&quot;&gt;Privacy Policy&lt;\/a&gt;\"  data-reqmsg=\"Privacy Policy cannot be blank.\" data-invmsg=\"Privacy Policy \u00e4r ogiltigt\"   aria-required=\"true\"  \/> By submitting this form you are agree with storage and handling of your data by this website in accordance with our <a href=\"https:\/\/dataductus.com\/privacy-policy\/\">Privacy Policy<\/a><\/label><\/div>\n<\/div>\r\n    \r\n    \r\n<\/div>\n<div id=\"frm_field_459_container\" class=\"frm_form_field form-field \">\n\t<div class=\"text-center\">\r\n\r\n<button class=\"ductus-btn-angle has-background has-ductus-orange-background-color md\" type=\"submit\"   class=\"frm_final_submit\" formnovalidate=\"formnovalidate\">Get in touch<\/button>\r\n\r\n<\/div>\n<\/div>\n\t<input type=\"hidden\" name=\"item_key\" value=\"\" \/>\n\t\t\t<div id=\"frm_field_562_container\">\n\t\t\t<label for=\"field_xuj8l\"  style=\"display:none;\">\n\t\t\t\tOm du \u00e4r m\u00e4nsklig, l\u00e4mna det h\u00e4r f\u00e4ltet tomt.\t\t\t<\/label>\n\t\t\t<input  id=\"field_xuj8l\" type=\"text\" class=\"frm_form_field form-field frm_verify\" name=\"item_meta[562]\" value=\"\"  style=\"display:none;\" \/>\n\t\t<\/div>\n\t\t<input name=\"frm_state\" type=\"hidden\" value=\"vq\/rypJFy9DDXzVf9rDB9ey8cwpfeLKIFbK9UqdkK6Ayma+vg\/VLew35vfQYsjB5QSU\/sREwQHBP3izPNJCca1jN4kc87e0W7IdOOp8dJ5idIIAX3OBdZjpzUgp+ne23Prcmx64tcX9rdiSN1E6iBXglOb2a+3+fGG5xa8aDTlFae3uBmVEDIXt9NPdd\/hWo\" \/><\/div>\n<\/fieldset>\n<\/div>\n\n<\/form>\n<\/div>\n\n","protected":false},"excerpt":{"rendered":"","protected":false},"author":1,"featured_media":0,"parent":0,"menu_order":121,"comment_status":"closed","ping_status":"closed","template":"","meta":{"_acf_changed":false,"footnotes":""},"class_list":["post-1490","page","type-page","status-publish","hentry"],"acf":[],"_links":{"self":[{"href":"https:\/\/ductus.global\/sv\/wp-json\/wp\/v2\/pages\/1490","targetHints":{"allow":["GET"]}}],"collection":[{"href":"https:\/\/ductus.global\/sv\/wp-json\/wp\/v2\/pages"}],"about":[{"href":"https:\/\/ductus.global\/sv\/wp-json\/wp\/v2\/types\/page"}],"author":[{"embeddable":true,"href":"https:\/\/ductus.global\/sv\/wp-json\/wp\/v2\/users\/1"}],"replies":[{"embeddable":true,"href":"https:\/\/ductus.global\/sv\/wp-json\/wp\/v2\/comments?post=1490"}],"version-history":[{"count":0,"href":"https:\/\/ductus.global\/sv\/wp-json\/wp\/v2\/pages\/1490\/revisions"}],"wp:attachment":[{"href":"https:\/\/ductus.global\/sv\/wp-json\/wp\/v2\/media?parent=1490"}],"curies":[{"name":"wp","href":"https:\/\/api.w.org\/{rel}","templated":true}]}}